{"id":353,"date":"2025-05-18T08:41:35","date_gmt":"2025-05-18T05:41:35","guid":{"rendered":"https:\/\/www.ozseventohum.com\/?page_id=353"},"modified":"2025-05-18T08:42:03","modified_gmt":"2025-05-18T05:42:03","slug":"cerez-politikasi","status":"publish","type":"page","link":"https:\/\/www.ozseventohum.com\/sv\/cerez-politikasi\/","title":{"rendered":"Policy f\u00f6r cookies"},"content":{"rendered":"<div data-elementor-type=\"wp-page\" data-elementor-id=\"353\" class=\"elementor elementor-353\" data-elementor-post-type=\"page\">\n\t\t\t\t<div class=\"elementor-element elementor-element-0b6738f e-flex e-con-boxed e-con e-parent\" data-id=\"0b6738f\" data-element_type=\"container\">\n\t\t\t\t\t<div class=\"e-con-inner\">\n\t\t\t\t<div class=\"elementor-element elementor-element-d813aea elementor-widget elementor-widget-text-editor\" data-id=\"d813aea\" data-element_type=\"widget\" data-widget_type=\"text-editor.default\">\n\t\t\t\t<div class=\"elementor-widget-container\">\n\t\t\t\t\t\t\t\t\t<p>Policy f\u00f6r cookies<\/p><p>Syftet med denna text \u00e4r att informera dig om behandlingen av personuppgifter som erh\u00e5lls automatiskt genom placering av cookies som anv\u00e4nds av den webbplats du bes\u00f6ker p\u00e5 din enhet, f\u00f6r vilka \u00e4ndam\u00e5l, vilka typer av cookies vi anv\u00e4nder och hur du kan hantera dessa cookies. Inom plattformen finns det obligatoriska cookies som vi anv\u00e4nder f\u00f6r att kunna tillhandah\u00e5lla tj\u00e4nsterna, samt analytiska cookies, beteendecookies, marknadsf\u00f6ringscookies, reklamcookies, sociala plug-in-cookies, lokala lagringstyper av cookies som beror p\u00e5 anv\u00e4ndarnas uttryckliga samtycke.<\/p><p>Vad \u00e4r en kaka?<\/p><p>Cookies \u00e4r l\u00e5gdimensionella rikstextformat som g\u00f6r det m\u00f6jligt att lagra viss information om anv\u00e4ndare p\u00e5 anv\u00e4ndarens terminalutrustning n\u00e4r en webbplats bes\u00f6ks. Cookies kan lagras p\u00e5 din enhet via din webbl\u00e4sare under ditt f\u00f6rsta bes\u00f6k p\u00e5 en webbplats, och n\u00e4r du bes\u00f6ker samma webbplats igen med samma enhet kontrollerar din webbl\u00e4sare om det finns en cookie registrerad p\u00e5 din enhet f\u00f6r webbplatsens r\u00e4kning. Om det finns en registrering \u00f6verf\u00f6rs uppgifterna i registreringen till den webbplats du bes\u00f6ker. P\u00e5 s\u00e5 s\u00e4tt k\u00e4nner webbplatsen av ditt tidigare bes\u00f6k och best\u00e4mmer vilket inneh\u00e5ll som ska \u00f6verf\u00f6ras till dig.<\/p><p>Varf\u00f6r anv\u00e4nds cookies?<\/p><p>Cookies anv\u00e4nds f\u00f6r att effektivisera driften av webbplatsen och f\u00f6r att tillhandah\u00e5lla tj\u00e4nster som \u00e4r b\u00e4ttre anpassade till anv\u00e4ndarnas personliga behov. De cookies vi anv\u00e4nder fyller funktioner som att samla in information, \u00f6ka funktionaliteten och prestandan p\u00e5 v\u00e5r webbplats, f\u00f6rb\u00e4ttra anv\u00e4ndarupplevelsen och uppfylla r\u00e4ttsliga skyldigheter. Dessutom, tack vare de cookies vi anv\u00e4nder:<\/p><p>Din sessionsinformation \u00e4r skyddad och din s\u00e4kerhet \u00e4r garanterad.<br \/>Din upplevelse p\u00e5 plats f\u00f6rb\u00e4ttras och p\u00e5skyndas.<br \/>Dina preferenser sparas och du kan erbjudas specialinneh\u00e5ll.<br \/>Kvaliteten p\u00e5 tj\u00e4nsterna f\u00f6rb\u00e4ttras genom analys av hur webbplatsen anv\u00e4nds.<br \/>Typer av cookies som anv\u00e4nds och anv\u00e4ndnings\u00e4ndam\u00e5l<br \/>Analytiska cookies<\/p><p>Analytiska cookies \u00e4r cookies som g\u00f6r det m\u00f6jligt att g\u00f6ra statistiska m\u00e4tningar f\u00f6r att analysera anv\u00e4ndarnas beteende. Dessa cookies anv\u00e4nds f\u00f6r att f\u00f6rb\u00e4ttra webbplatsens prestanda och kvaliteten p\u00e5 de tj\u00e4nster som tillhandah\u00e5lls.<\/p><p>Beteendebaserade cookies<\/p><p>Beteendecookies \u00e4r cookies som anv\u00e4nds f\u00f6r att \u00f6vervaka anv\u00e4ndarnas aktiviteter p\u00e5 webbplatsen, f\u00f6r att analysera och profilera dessa aktiviteter och d\u00e4rmed ge anv\u00e4ndarna en mer personlig upplevelse.<\/p><p>Cookies f\u00f6r marknadsf\u00f6ring<\/p><p>Marknadsf\u00f6ringscookies \u00e4r cookies som anv\u00e4nds f\u00f6r att sp\u00e5ra anv\u00e4ndarnas r\u00f6relser p\u00e5 n\u00e4tet, identifiera deras personliga intressen och visa reklam och marknadsf\u00f6ringsinneh\u00e5ll f\u00f6r dessa intressen.<\/p><p>Cookies f\u00f6r reklam<\/p><p>Reklamcookies \u00e4r cookies som placeras av reklampartners via webbplatsen och som tredje part ansvarar f\u00f6r. Dessa cookies anv\u00e4nds av tredje part f\u00f6r att profilera anv\u00e4ndare utifr\u00e5n deras intressen och f\u00f6r att fastst\u00e4lla och visa l\u00e4mpligt reklaminneh\u00e5ll.<\/p><p>Cookies f\u00f6r sociala plugins<\/p><p>Sociala plug-in-cookies \u00e4r cookies som anv\u00e4nds f\u00f6r att integrera sociala medieplattformar p\u00e5 webbplatser. Dessa cookies fungerar genom \"sociala plug-in-moduler\" som g\u00f6r det m\u00f6jligt f\u00f6r anv\u00e4ndare av sociala medier att dela det inneh\u00e5ll de gillar eller de kommentarer de g\u00f6r med sina \"v\u00e4nner\".<\/p><p>Lokal lagring<\/p><p>Lokal lagring \u00e4r en teknik som anv\u00e4nds f\u00f6r att lagra data i webbl\u00e4sare. Detta system anv\u00e4nds f\u00f6r att komma ih\u00e5g anv\u00e4ndarnas preferenser, lagra sessionsinformation och f\u00f6rb\u00e4ttra webbplatsens prestanda. Till skillnad fr\u00e5n cookies skickas dessa data inte automatiskt till servern.<\/p><p>Obligatoriska cookies<\/p><p>Obligatoriska cookies \u00e4r cookies som \u00e4r n\u00f6dv\u00e4ndiga f\u00f6r driften av en webbplats. Dessa cookies anv\u00e4nds obligatoriskt f\u00f6r att uppfylla en informationsinsamlingstj\u00e4nst (t.ex. inloggning, ifyllande av formul\u00e4r, komma ih\u00e5g sekretesspreferenser) som beg\u00e4rts av anv\u00e4ndaren. Om obligatoriska cookies som inte \u00e4r avsedda f\u00f6r marknadsf\u00f6rings\u00e4ndam\u00e5l blockeras kommer vissa delar av webbplatsen inte att fungera och webbplatsen kommer inte att kunna uppfylla sin f\u00f6rv\u00e4ntade funktion.<\/p><p>Hantering av kakor<\/p><p>Du kan n\u00e4r som helst \u00e4ndra dina inst\u00e4llningar f\u00f6r cookies i din webbl\u00e4sares inst\u00e4llningar. Du kan avaktivera cookies helt eller till\u00e5ta vissa typer av cookies. De flesta webbl\u00e4sare \u00e4r inst\u00e4llda p\u00e5 att acceptera cookies som standard, men du kan \u00e4ndra inst\u00e4llningarna i din webbl\u00e4sare s\u00e5 att den avvisar cookies eller varnar n\u00e4r cookies skickas. F\u00f6r mer information kan du kontakta oss p\u00e5 ozseven.tohum@gmail.com.<\/p><p>Inst\u00e4llningar f\u00f6r webbl\u00e4sare<\/p><p>Via panelen f\u00f6r cookiehantering kan anv\u00e4ndarna se vilka typer av cookies som anv\u00e4nds p\u00e5 v\u00e5r webbplats och ange sina preferenser f\u00f6r alla andra cookies \u00e4n obligatoriska cookies. Du kan anv\u00e4nda l\u00e4nkarna nedan f\u00f6r att \u00e4ndra cookie-inst\u00e4llningarna i popul\u00e4ra webbl\u00e4sare:<\/p><p>Google Chrome: chrome:\/\/settings\/cookies<br \/>Mozilla Firefox: about:preferences#privacy<br \/>Safari Inst\u00e4llningar &gt; Sekretess<br \/>Microsoft Edge: edge:\/\/settings\/privacy<br \/>Opera: opera:\/\/settings\/privacy<br \/>Uppdateringar<\/p><p>Denna cookiepolicy uppdateras vid behov. \u00c4ndringar tr\u00e4der i kraft s\u00e5 snart de har publicerats.<\/p><p>Senast uppdaterad den 18 maj 2025<\/p>\t\t\t\t\t\t\t\t<\/div>\n\t\t\t\t<\/div>\n\t\t\t\t\t<\/div>\n\t\t\t\t<\/div>\n\t\t\t\t<\/div>","protected":false},"excerpt":{"rendered":"<p>\u00c7erez Politikas\u0131 Bu metnin amac\u0131, ziyaret etmekte oldu\u011funuz \u0130nternet sitesi taraf\u0131ndan kullan\u0131lan \u00e7erezlerin cihaz\u0131n\u0131za yerle\u015ftirilmesi arac\u0131l\u0131\u011f\u0131yla otomatik yolla elde edilen ki\u015fisel verilerin i\u015flenmesine ili\u015fkin olarak, hangi ama\u00e7larla hangi t\u00fcr \u00e7erezleri kulland\u0131\u011f\u0131m\u0131z ve bu \u00e7erezleri nas\u0131l y\u00f6netebilece\u011finiz konular\u0131nda sizlere bilgi vermektir. Platform i\u00e7erisinde, hizmetlerin yerine getirilebilmesi i\u00e7in kulland\u0131\u011f\u0131m\u0131z zorunlu \u00e7erezler ile bunlar haricinde kullan\u0131c\u0131lar\u0131n a\u00e7\u0131k r\u0131zalar\u0131na [&hellip;]<\/p>","protected":false},"author":1,"featured_media":0,"parent":0,"menu_order":0,"comment_status":"closed","ping_status":"closed","template":"","meta":{"footnotes":""},"class_list":["post-353","page","type-page","status-publish","hentry"],"_links":{"self":[{"href":"https:\/\/www.ozseventohum.com\/sv\/wp-json\/wp\/v2\/pages\/353","targetHints":{"allow":["GET"]}}],"collection":[{"href":"https:\/\/www.ozseventohum.com\/sv\/wp-json\/wp\/v2\/pages"}],"about":[{"href":"https:\/\/www.ozseventohum.com\/sv\/wp-json\/wp\/v2\/types\/page"}],"author":[{"embeddable":true,"href":"https:\/\/www.ozseventohum.com\/sv\/wp-json\/wp\/v2\/users\/1"}],"replies":[{"embeddable":true,"href":"https:\/\/www.ozseventohum.com\/sv\/wp-json\/wp\/v2\/comments?post=353"}],"version-history":[{"count":4,"href":"https:\/\/www.ozseventohum.com\/sv\/wp-json\/wp\/v2\/pages\/353\/revisions"}],"predecessor-version":[{"id":357,"href":"https:\/\/www.ozseventohum.com\/sv\/wp-json\/wp\/v2\/pages\/353\/revisions\/357"}],"wp:attachment":[{"href":"https:\/\/www.ozseventohum.com\/sv\/wp-json\/wp\/v2\/media?parent=353"}],"curies":[{"name":"wp","href":"https:\/\/api.w.org\/{rel}","templated":true}]}}