{"id":348,"date":"2025-05-18T08:40:42","date_gmt":"2025-05-18T05:40:42","guid":{"rendered":"https:\/\/www.ozseventohum.com\/?page_id=348"},"modified":"2025-05-18T08:41:24","modified_gmt":"2025-05-18T05:41:24","slug":"gizlilik-politikasi","status":"publish","type":"page","link":"https:\/\/www.ozseventohum.com\/sv\/gizlilik-politikasi\/","title":{"rendered":"Integritetspolicy"},"content":{"rendered":"<div data-elementor-type=\"wp-page\" data-elementor-id=\"348\" class=\"elementor elementor-348\" data-elementor-post-type=\"page\">\n\t\t\t\t<div class=\"elementor-element elementor-element-d8c311c e-flex e-con-boxed e-con e-parent\" data-id=\"d8c311c\" data-element_type=\"container\">\n\t\t\t\t\t<div class=\"e-con-inner\">\n\t\t\t\t<div class=\"elementor-element elementor-element-bd4e888 elementor-widget elementor-widget-text-editor\" data-id=\"bd4e888\" data-element_type=\"widget\" data-widget_type=\"text-editor.default\">\n\t\t\t\t<div class=\"elementor-widget-container\">\n\t\t\t\t\t\t\t\t\t<p>Integritetspolicy<\/p><p>Genom att anv\u00e4nda denna webbplats samtycker du till behandlingen av dina personuppgifter. Din s\u00e4kerhet \u00e4r viktig f\u00f6r oss. Av denna anledning \u00e4r dina personuppgifter som du delar med oss k\u00e4nsligt skyddade.<\/p><p>Personuppgiftsansvarig<\/p><p>Vi, \u00d6zseven Seed, som personuppgiftsansvarig, med denna policy f\u00f6r integritet och skydd av personuppgifter, vilka av dina personuppgifter som kommer att behandlas f\u00f6r vilka \u00e4ndam\u00e5l inom ramen f\u00f6r den webbplats du bes\u00f6ker, med vem och av vilka sk\u00e4l de behandlade uppgifterna kan delas, v\u00e5r databehandlingsmetod och juridiska sk\u00e4l; Vi str\u00e4var efter att informera dig, v\u00e5ra anv\u00e4ndare, om vilka r\u00e4ttigheter du har ang\u00e5ende dina behandlade uppgifter.<\/p><p>Personuppgifter som samlas in<\/p><p>Dina personuppgifter som samlas in av denna webbplats:<\/p><p>Information om enheten<br \/>IP-adress<br \/>Anv\u00e4ndningsdata<br \/>Anv\u00e4nda tj\u00e4nster<br \/>Analys och \u00f6vervakning<br \/>Google Analytics: Google Analytics anv\u00e4nds f\u00f6r att analysera bes\u00f6karnas beteende och webbplatsens anv\u00e4ndning. Denna tj\u00e4nst ger detaljerade rapporter om bes\u00f6kartrafik, interaktioner och anv\u00e4ndarbeteende.<br \/>\u00c4ndam\u00e5l med databehandling<\/p><p>Dina personuppgifter behandlas av denna webbplats i syfte att tillhandah\u00e5lla tj\u00e4nster i enlighet med dess syfte, uppfylla r\u00e4ttsliga skyldigheter, f\u00f6rb\u00e4ttra tj\u00e4nsternas kvalitet, kommunikation, s\u00e4kerhet och dela information med r\u00e4ttsliga myndigheter vid behov. Dina personuppgifter kommer inte att anv\u00e4ndas f\u00f6r andra syften \u00e4n dessa.<\/p><p>Data\u00f6verf\u00f6ring<\/p><p>Dina personuppgifter som samlas in via denna webbplats delas inte med tredje part utan ditt uttryckliga samtycke, med undantag f\u00f6r r\u00e4ttsliga f\u00f6rpliktelser. De kan dock delas med v\u00e5ra tj\u00e4nsteleverant\u00f6rer, aff\u00e4rspartner och r\u00e4ttsliga myndigheter i den utstr\u00e4ckning som kr\u00e4vs f\u00f6r att tillhandah\u00e5lla tj\u00e4nsten och uppfylla r\u00e4ttsliga skyldigheter.<\/p><p>Anv\u00e4ndning av cookies<\/p><p>Denna webbplats anv\u00e4nder cookies. Cookies \u00e4r l\u00e5gdimensionella rikstextformat som g\u00f6r det m\u00f6jligt att lagra viss information om anv\u00e4ndare p\u00e5 anv\u00e4ndarens terminalutrustning n\u00e4r en webbplats bes\u00f6ks. Cookies kan lagras p\u00e5 din enhet via din webbl\u00e4sare under ditt f\u00f6rsta bes\u00f6k p\u00e5 en webbplats, och n\u00e4r du bes\u00f6ker samma webbplats igen med samma enhet kontrollerar din webbl\u00e4sare om det finns en cookie lagrad p\u00e5 din enhet f\u00f6r webbplatsens r\u00e4kning. Om det finns ett register \u00f6verf\u00f6rs uppgifterna i registret till den webbplats som du bes\u00f6ker. P\u00e5 s\u00e5 s\u00e4tt k\u00e4nner webbplatsen av ditt tidigare bes\u00f6k och best\u00e4mmer vilket inneh\u00e5ll som ska \u00f6verf\u00f6ras till dig.<\/p><p>Dina juridiska r\u00e4ttigheter<br \/>Dina r\u00e4ttigheter enligt KVKK<\/p><p>I enlighet med artikel 11 i KVKK nr 6698 har var och en r\u00e4tt att g\u00f6ra f\u00f6ljande f\u00f6rfr\u00e5gningar om sig sj\u00e4lv genom att v\u00e4nda sig till den personuppgiftsansvarige:<\/p><p>F\u00f6r att f\u00e5 veta om deras personuppgifter behandlas eller inte.<br \/>Beg\u00e4r information om personuppgifter har behandlats.<br \/>Att ta reda p\u00e5 syftet med behandlingen av personuppgifter och om de anv\u00e4nds i enlighet med sitt syfte.<br \/>Att k\u00e4nna till de tredje parter till vilka personuppgifter \u00f6verf\u00f6rs inom landet eller utomlands.<br \/>Att beg\u00e4ra r\u00e4ttelse av personuppgifter i h\u00e4ndelse av ofullst\u00e4ndig eller felaktig behandling.<br \/>Att beg\u00e4ra radering eller f\u00f6rst\u00f6ring av personuppgifter inom ramen f\u00f6r de villkor som anges i artikel 7 i KVKK.<br \/>Att beg\u00e4ra meddelande om de transaktioner som gjorts till f\u00f6ljd av beg\u00e4ran om r\u00e4ttelse, radering och f\u00f6rst\u00f6ring till tredje part till vilken personuppgifterna \u00f6verf\u00f6rs.<br \/>Att inv\u00e4nda mot att det uppst\u00e5r ett resultat som \u00e4r till nackdel f\u00f6r personen sj\u00e4lv genom att de behandlade uppgifterna analyseras uteslutande med hj\u00e4lp av automatiserade system.<br \/>I h\u00e4ndelse av skada p\u00e5 grund av olaglig behandling av personuppgifter, kr\u00e4va ers\u00e4ttning f\u00f6r skadan.<br \/>Kontakt<\/p><p>Du kan kontakta oss p\u00e5 ozseven.tohum@gmail.com f\u00f6r att ut\u00f6va dina r\u00e4ttigheter avseende dina personuppgifter eller f\u00f6r att f\u00e5 mer information om v\u00e5r integritetspolicy.<\/p><p>Godk\u00e4nnande och verkst\u00e4llighet<\/p><p>Det \u00e4r helt och h\u00e5llet ditt val att dela dina personuppgifter med v\u00e5r webbplats. Om du forts\u00e4tter att anv\u00e4nda v\u00e5r webbplats kommer det att antas att du accepterar denna integritetspolicy. Denna policy tr\u00e4dde i kraft den 18 maj 2025 och kommer att uppdateras vid behov.<\/p>\t\t\t\t\t\t\t\t<\/div>\n\t\t\t\t<\/div>\n\t\t\t\t\t<\/div>\n\t\t\t\t<\/div>\n\t\t\t\t<\/div>","protected":false},"excerpt":{"rendered":"<p>Gizlilik Politikas\u0131 Bu \u0130nternet sitesini kullanarak ki\u015fisel verilerinizin i\u015flenmesini kabul etmi\u015f olursunuz. G\u00fcvenli\u011finiz bizim i\u00e7in \u00f6nemli. Bu sebeple, bizimle payla\u015faca\u011f\u0131n\u0131z ki\u015fisel verileriniz hassasiyetle korunmaktad\u0131r. Veri Sorumlusu Biz, \u00d6zseven Tohum, veri sorumlusu olarak, bu gizlilik ve ki\u015fisel verilerin korunmas\u0131 politikas\u0131 ile ziyaret etmekte oldu\u011funuz \u0130nternet sitesi kapsam\u0131nda hangi ki\u015fisel verilerinizin hangi ama\u00e7larla i\u015flenece\u011fi, i\u015flenen verilerin kimlerle [&hellip;]<\/p>","protected":false},"author":1,"featured_media":0,"parent":0,"menu_order":0,"comment_status":"closed","ping_status":"closed","template":"","meta":{"footnotes":""},"class_list":["post-348","page","type-page","status-publish","hentry"],"_links":{"self":[{"href":"https:\/\/www.ozseventohum.com\/sv\/wp-json\/wp\/v2\/pages\/348","targetHints":{"allow":["GET"]}}],"collection":[{"href":"https:\/\/www.ozseventohum.com\/sv\/wp-json\/wp\/v2\/pages"}],"about":[{"href":"https:\/\/www.ozseventohum.com\/sv\/wp-json\/wp\/v2\/types\/page"}],"author":[{"embeddable":true,"href":"https:\/\/www.ozseventohum.com\/sv\/wp-json\/wp\/v2\/users\/1"}],"replies":[{"embeddable":true,"href":"https:\/\/www.ozseventohum.com\/sv\/wp-json\/wp\/v2\/comments?post=348"}],"version-history":[{"count":4,"href":"https:\/\/www.ozseventohum.com\/sv\/wp-json\/wp\/v2\/pages\/348\/revisions"}],"predecessor-version":[{"id":352,"href":"https:\/\/www.ozseventohum.com\/sv\/wp-json\/wp\/v2\/pages\/348\/revisions\/352"}],"wp:attachment":[{"href":"https:\/\/www.ozseventohum.com\/sv\/wp-json\/wp\/v2\/media?parent=348"}],"curies":[{"name":"wp","href":"https:\/\/api.w.org\/{rel}","templated":true}]}}