{"id":268,"date":"2025-05-18T08:04:52","date_gmt":"2025-05-18T05:04:52","guid":{"rendered":"https:\/\/www.ozseventohum.com\/?page_id=268"},"modified":"2025-05-18T08:08:33","modified_gmt":"2025-05-18T05:08:33","slug":"hasat-arpa-tohumu","status":"publish","type":"page","link":"https:\/\/www.ozseventohum.com\/sv\/hasat-arpa-tohumu\/","title":{"rendered":"Sk\u00f6rda kornfr\u00f6"},"content":{"rendered":"<div data-elementor-type=\"wp-page\" data-elementor-id=\"268\" class=\"elementor elementor-268\" data-elementor-post-type=\"page\">\n\t\t\t\t<div class=\"elementor-element elementor-element-d38befd e-flex e-con-boxed e-con e-parent\" data-id=\"d38befd\" data-element_type=\"container\">\n\t\t\t\t\t<div class=\"e-con-inner\">\n\t\t<div class=\"elementor-element elementor-element-5947207 e-con-full e-flex e-con e-child\" data-id=\"5947207\" data-element_type=\"container\">\n\t\t\t\t<div class=\"elementor-element elementor-element-52fcdbb elementor-widget elementor-widget-heading\" data-id=\"52fcdbb\" data-element_type=\"widget\" data-widget_type=\"heading.default\">\n\t\t\t\t<div class=\"elementor-widget-container\">\n\t\t\t\t\t<h2 class=\"elementor-heading-title elementor-size-default\">SK\u00d6RDA KORNFR\u00d6\n<\/h2>\t\t\t\t<\/div>\n\t\t\t\t<\/div>\n\t\t\t\t<div class=\"elementor-element elementor-element-9782493 elementor-widget elementor-widget-heading\" data-id=\"9782493\" data-element_type=\"widget\" data-widget_type=\"heading.default\">\n\t\t\t\t<div class=\"elementor-widget-container\">\n\t\t\t\t\t<p class=\"elementor-heading-title elementor-size-default\">(Tv\u00e5 rader korn)<\/p>\t\t\t\t<\/div>\n\t\t\t\t<\/div>\n\t\t\t\t<\/div>\n\t\t\t\t<div class=\"elementor-element elementor-element-24b11bc elementor-widget elementor-widget-heading\" data-id=\"24b11bc\" data-element_type=\"widget\" data-widget_type=\"heading.default\">\n\t\t\t\t<div class=\"elementor-widget-container\">\n\t\t\t\t\t<h2 class=\"elementor-heading-title elementor-size-default\">PRODUKTENS EGENSKAPER\n<\/h2>\t\t\t\t<\/div>\n\t\t\t\t<\/div>\n\t\t\t\t<div class=\"elementor-element elementor-element-a7966e2 elementor-widget elementor-widget-text-editor\" data-id=\"a7966e2\" data-element_type=\"widget\" data-widget_type=\"text-editor.default\">\n\t\t\t\t<div class=\"elementor-widget-container\">\n\t\t\t\t\t\t\t\t\t<ul><li><p class=\"p1\">Axen \u00e4r 2-radiga och har ett l\u00e5ngt och snett utseende<\/p><\/li><li><p class=\"p1\">Planth\u00f6jden \u00e4r 90-100 cm med medell\u00e4ngd.<\/p><\/li><li><p class=\"p1\">Det \u00e4r en tidig vintersort med god k\u00f6ldt\u00e5lighet.<\/p><\/li><li><p class=\"p1\">Bearbetningsf\u00f6rm\u00e5gan \u00e4r h\u00f6g och den genomsnittliga avkastningen \u00e4r 725 kg\/da. (F\u00f6rs\u00f6k 550-875 kg\/da.)<\/p><\/li><\/ul>\t\t\t\t\t\t\t\t<\/div>\n\t\t\t\t<\/div>\n\t\t\t\t<div class=\"elementor-element elementor-element-153ea32 elementor-widget elementor-widget-heading\" data-id=\"153ea32\" data-element_type=\"widget\" data-widget_type=\"heading.default\">\n\t\t\t\t<div class=\"elementor-widget-container\">\n\t\t\t\t\t<h2 class=\"elementor-heading-title elementor-size-default\">KVALITETSFUNKTIONER\n<\/h2>\t\t\t\t<\/div>\n\t\t\t\t<\/div>\n\t\t\t\t<div class=\"elementor-element elementor-element-3a92671 elementor-widget elementor-widget-text-editor\" data-id=\"3a92671\" data-element_type=\"widget\" data-widget_type=\"text-editor.default\">\n\t\t\t\t<div class=\"elementor-widget-container\">\n\t\t\t\t\t\t\t\t\t<ul><li><p class=\"p1\">Vikt f\u00f6r tusenkorn 41 g<\/p><\/li><li><p class=\"p1\">Hectolite vikt 70 kg<\/p><\/li><li><p class=\"p1\">Protein oran\u0131 %13,5<\/p><\/li><\/ul>\t\t\t\t\t\t\t\t<\/div>\n\t\t\t\t<\/div>\n\t\t\t\t<div class=\"elementor-element elementor-element-21d2021 elementor-widget elementor-widget-heading\" data-id=\"21d2021\" data-element_type=\"widget\" data-widget_type=\"heading.default\">\n\t\t\t\t<div class=\"elementor-widget-container\">\n\t\t\t\t\t<h2 class=\"elementor-heading-title elementor-size-default\">PATOLOGISKA S\u00c4RDRAG\n<\/h2>\t\t\t\t<\/div>\n\t\t\t\t<\/div>\n\t\t\t\t<div class=\"elementor-element elementor-element-afc6e36 elementor-widget elementor-widget-text-editor\" data-id=\"afc6e36\" data-element_type=\"widget\" data-widget_type=\"text-editor.default\">\n\t\t\t\t<div class=\"elementor-widget-container\">\n\t\t\t\t\t\t\t\t\t<ul><li><p class=\"p1\">Motst\u00e5ndskraftig mot mj\u00f6ldagg och bladfl\u00e4cksjuka, mycket god motst\u00e5ndskraft mot bladfl\u00e4cksjuka, tolerant mot rostsjukdomar.<\/p><\/li><li><p class=\"p1\">Motst\u00e5ndskraftig mot krossning av stj\u00e4lkar och spikar.<\/p><\/li><\/ul>\t\t\t\t\t\t\t\t<\/div>\n\t\t\t\t<\/div>\n\t\t\t\t<div class=\"elementor-element elementor-element-0230751 elementor-widget elementor-widget-image\" data-id=\"0230751\" data-element_type=\"widget\" data-widget_type=\"image.default\">\n\t\t\t\t<div class=\"elementor-widget-container\">\n\t\t\t\t\t\t\t\t\t\t\t\t\t\t\t<img fetchpriority=\"high\" decoding=\"async\" width=\"750\" height=\"747\" src=\"https:\/\/www.ozseventohum.com\/wp-content\/uploads\/2025\/05\/hasat-arpa-tohumu.jpeg\" class=\"attachment-full size-full wp-image-270\" alt=\"\" srcset=\"https:\/\/www.ozseventohum.com\/wp-content\/uploads\/2025\/05\/hasat-arpa-tohumu.jpeg 750w, https:\/\/www.ozseventohum.com\/wp-content\/uploads\/2025\/05\/hasat-arpa-tohumu-300x300.jpeg 300w, https:\/\/www.ozseventohum.com\/wp-content\/uploads\/2025\/05\/hasat-arpa-tohumu-150x150.jpeg 150w\" sizes=\"(max-width: 750px) 100vw, 750px\" \/>\t\t\t\t\t\t\t\t\t\t\t\t\t\t\t<\/div>\n\t\t\t\t<\/div>\n\t\t\t\t\t<\/div>\n\t\t\t\t<\/div>\n\t\t\t\t<\/div>","protected":false},"excerpt":{"rendered":"<p>HASAT ARPA TOHUMU (\u0130ki S\u0131ral\u0131 Arpa) \u00dcR\u00dcN \u00d6ZELL\u0130KLER\u0130 Ba\u015faklar\u0131 2 s\u0131ral\u0131 olup uzun ve e\u011fik bir g\u00f6r\u00fcn\u00fcmdedir Bitki boyu orta uzunlukta olup 90-100 cm&#8217;dir. K\u0131\u015fl\u0131k, erkenci bir \u00e7e\u015fit olup so\u011fuklara dayan\u0131kl\u0131l\u0131\u011f\u0131 iyidir. Karde\u015flenme kapasitesi y\u00fcksek olup ortalama verimi 725 kg\/da. (Denemeleri 550-875 kg\/da.) KAL\u0130TE \u00d6ZELL\u0130KLER\u0130 Bin tane a\u011f\u0131rl\u0131\u011f\u0131 41 gr Hektolitre a\u011f\u0131rl\u0131\u011f\u0131 70 kg Protein [&hellip;]<\/p>","protected":false},"author":1,"featured_media":0,"parent":0,"menu_order":0,"comment_status":"closed","ping_status":"closed","template":"","meta":{"footnotes":""},"class_list":["post-268","page","type-page","status-publish","hentry"],"_links":{"self":[{"href":"https:\/\/www.ozseventohum.com\/sv\/wp-json\/wp\/v2\/pages\/268","targetHints":{"allow":["GET"]}}],"collection":[{"href":"https:\/\/www.ozseventohum.com\/sv\/wp-json\/wp\/v2\/pages"}],"about":[{"href":"https:\/\/www.ozseventohum.com\/sv\/wp-json\/wp\/v2\/types\/page"}],"author":[{"embeddable":true,"href":"https:\/\/www.ozseventohum.com\/sv\/wp-json\/wp\/v2\/users\/1"}],"replies":[{"embeddable":true,"href":"https:\/\/www.ozseventohum.com\/sv\/wp-json\/wp\/v2\/comments?post=268"}],"version-history":[{"count":4,"href":"https:\/\/www.ozseventohum.com\/sv\/wp-json\/wp\/v2\/pages\/268\/revisions"}],"predecessor-version":[{"id":273,"href":"https:\/\/www.ozseventohum.com\/sv\/wp-json\/wp\/v2\/pages\/268\/revisions\/273"}],"wp:attachment":[{"href":"https:\/\/www.ozseventohum.com\/sv\/wp-json\/wp\/v2\/media?parent=268"}],"curies":[{"name":"wp","href":"https:\/\/api.w.org\/{rel}","templated":true}]}}