{"id":262,"date":"2025-05-18T07:56:45","date_gmt":"2025-05-18T04:56:45","guid":{"rendered":"https:\/\/www.ozseventohum.com\/?page_id=262"},"modified":"2025-05-18T08:04:35","modified_gmt":"2025-05-18T05:04:35","slug":"yuksel-ekmelik-bugday-tohumu","status":"publish","type":"page","link":"https:\/\/www.ozseventohum.com\/sv\/yuksel-ekmelik-bugday-tohumu\/","title":{"rendered":"Vetefr\u00f6 f\u00f6r s\u00e5dd"},"content":{"rendered":"<div data-elementor-type=\"wp-page\" data-elementor-id=\"262\" class=\"elementor elementor-262\" data-elementor-post-type=\"page\">\n\t\t\t\t<div class=\"elementor-element elementor-element-cbbacf1 e-flex e-con-boxed e-con e-parent\" data-id=\"cbbacf1\" data-element_type=\"container\">\n\t\t\t\t\t<div class=\"e-con-inner\">\n\t\t<div class=\"elementor-element elementor-element-8b9e42c e-con-full e-flex e-con e-child\" data-id=\"8b9e42c\" data-element_type=\"container\">\n\t\t\t\t<div class=\"elementor-element elementor-element-2add08d elementor-widget elementor-widget-heading\" data-id=\"2add08d\" data-element_type=\"widget\" data-widget_type=\"heading.default\">\n\t\t\t\t<div class=\"elementor-widget-container\">\n\t\t\t\t\t<h2 class=\"elementor-heading-title elementor-size-default\">H\u00d6G VETE UTS\u00c4DE\n<\/h2>\t\t\t\t<\/div>\n\t\t\t\t<\/div>\n\t\t\t\t<div class=\"elementor-element elementor-element-371dfd2 elementor-widget elementor-widget-heading\" data-id=\"371dfd2\" data-element_type=\"widget\" data-widget_type=\"heading.default\">\n\t\t\t\t<div class=\"elementor-widget-container\">\n\t\t\t\t\t<p class=\"elementor-heading-title elementor-size-default\">(Br\u00f6d Vete)<\/p>\t\t\t\t<\/div>\n\t\t\t\t<\/div>\n\t\t\t\t<\/div>\n\t\t\t\t<div class=\"elementor-element elementor-element-8b5d432 elementor-widget elementor-widget-heading\" data-id=\"8b5d432\" data-element_type=\"widget\" data-widget_type=\"heading.default\">\n\t\t\t\t<div class=\"elementor-widget-container\">\n\t\t\t\t\t<h2 class=\"elementor-heading-title elementor-size-default\">PRODUKTENS EGENSKAPER\n<\/h2>\t\t\t\t<\/div>\n\t\t\t\t<\/div>\n\t\t\t\t<div class=\"elementor-element elementor-element-3a70d70 elementor-widget elementor-widget-text-editor\" data-id=\"3a70d70\" data-element_type=\"widget\" data-widget_type=\"text-editor.default\">\n\t\t\t\t<div class=\"elementor-widget-container\">\n\t\t\t\t\t\t\t\t\t<ul><li><p class=\"p1\">Det \u00e4r en vintersort med mycket god k\u00f6ldt\u00e5lighet.<\/p><\/li><li><p class=\"p1\">Kornet \u00e4r r\u00f6tt, h\u00e5rt, halvh\u00e5rt och medelstort.<\/p><\/li><li><p class=\"p1\">Den har mycket god motst\u00e5ndskraft mot liggs\u00e4d. Planth\u00f6jden varierade mellan 78-100 cm.<\/p><\/li><li><p class=\"p1\">Bearbetningsf\u00f6rm\u00e5gan \u00e4r god och sk\u00f6rdepotentialen \u00e4r mycket h\u00f6g.<\/p><\/li><li><p class=\"p1\">Genomsnittlig avkastning 807,7 kg\/ha (698-931 kg\/ha)<\/p><\/li><\/ul>\t\t\t\t\t\t\t\t<\/div>\n\t\t\t\t<\/div>\n\t\t\t\t<div class=\"elementor-element elementor-element-2212f72 elementor-widget elementor-widget-heading\" data-id=\"2212f72\" data-element_type=\"widget\" data-widget_type=\"heading.default\">\n\t\t\t\t<div class=\"elementor-widget-container\">\n\t\t\t\t\t<h2 class=\"elementor-heading-title elementor-size-default\">KVALITETSFUNKTIONER\n<\/h2>\t\t\t\t<\/div>\n\t\t\t\t<\/div>\n\t\t\t\t<div class=\"elementor-element elementor-element-5a597a8 elementor-widget elementor-widget-text-editor\" data-id=\"5a597a8\" data-element_type=\"widget\" data-widget_type=\"text-editor.default\">\n\t\t\t\t<div class=\"elementor-widget-container\">\n\t\t\t\t\t\t\t\t\t<ul><li><p class=\"p1\">Tusenkornvikt: 35.2-42.8 g<\/p><\/li><li><p class=\"p1\">Hektoliter vikt 73,1-80,8 kg<\/p><\/li><li><p class=\"p1\">Protein oran\u0131: %12.3-14,3<\/p><\/li><li><p class=\"p1\">Sedimentationshastighet 41-51 ml<\/p><\/li><li><p class=\"p1\">Gluten oran\u0131: %36,6<\/p><\/li><li><p class=\"p1\">Gluten indeksi: %96.7<\/p><\/li><\/ul>\t\t\t\t\t\t\t\t<\/div>\n\t\t\t\t<\/div>\n\t\t\t\t<div class=\"elementor-element elementor-element-b434d79 elementor-widget elementor-widget-heading\" data-id=\"b434d79\" data-element_type=\"widget\" data-widget_type=\"heading.default\">\n\t\t\t\t<div class=\"elementor-widget-container\">\n\t\t\t\t\t<h2 class=\"elementor-heading-title elementor-size-default\">PATOLOGISKA S\u00c4RDRAG\n<\/h2>\t\t\t\t<\/div>\n\t\t\t\t<\/div>\n\t\t\t\t<div class=\"elementor-element elementor-element-367db1b elementor-widget elementor-widget-text-editor\" data-id=\"367db1b\" data-element_type=\"widget\" data-widget_type=\"text-editor.default\">\n\t\t\t\t<div class=\"elementor-widget-container\">\n\t\t\t\t\t\t\t\t\t<ul><li><p class=\"p1\">Tolerant mot mj\u00f6ldagg, absolut motst\u00e5ndskraftig mot brunrost och gulrost.<\/p><\/li><li><p class=\"p1\">Mycket tolerant mot bladfl\u00e4cksjukan Septoria. Det \u00e4r den mest toleranta sorten mot korngul dv\u00e4rgvirus.<\/p><\/li><\/ul>\t\t\t\t\t\t\t\t<\/div>\n\t\t\t\t<\/div>\n\t\t\t\t<div class=\"elementor-element elementor-element-fc849cf elementor-widget elementor-widget-image\" data-id=\"fc849cf\" data-element_type=\"widget\" data-widget_type=\"image.default\">\n\t\t\t\t<div class=\"elementor-widget-container\">\n\t\t\t\t\t\t\t\t\t\t\t\t\t\t\t<img fetchpriority=\"high\" decoding=\"async\" width=\"960\" height=\"960\" src=\"https:\/\/www.ozseventohum.com\/wp-content\/uploads\/2025\/05\/yuksel-bugday-sayfa.jpeg\" class=\"attachment-full size-full wp-image-264\" alt=\"\" srcset=\"https:\/\/www.ozseventohum.com\/wp-content\/uploads\/2025\/05\/yuksel-bugday-sayfa.jpeg 960w, https:\/\/www.ozseventohum.com\/wp-content\/uploads\/2025\/05\/yuksel-bugday-sayfa-300x300.jpeg 300w, https:\/\/www.ozseventohum.com\/wp-content\/uploads\/2025\/05\/yuksel-bugday-sayfa-150x150.jpeg 150w, https:\/\/www.ozseventohum.com\/wp-content\/uploads\/2025\/05\/yuksel-bugday-sayfa-768x768.jpeg 768w\" sizes=\"(max-width: 960px) 100vw, 960px\" \/>\t\t\t\t\t\t\t\t\t\t\t\t\t\t\t<\/div>\n\t\t\t\t<\/div>\n\t\t\t\t\t<\/div>\n\t\t\t\t<\/div>\n\t\t\t\t<\/div>","protected":false},"excerpt":{"rendered":"<p>Y\u00dcKSEL BU\u011eDAY TOHUMU (Ekmeklik Bu\u011fday) \u00dcR\u00dcN \u00d6ZELL\u0130KLER\u0130 K\u0131\u015fl\u0131k bir \u00e7e\u015fit olup so\u011fuklara dayan\u0131kl\u0131l\u0131\u011f\u0131 \u00e7ok iyidir. Tanesi k\u0131rm\u0131z\u0131, sert, yar\u0131-sert yap\u0131da olup orta iriliktedir. Yatmaya dayan\u0131kl\u0131l\u0131\u011f\u0131 \u00e7ok iyidir. Bitki boyu 78-100 cm aras\u0131nda de\u011fi\u015fmi\u015ftir. Karde\u015flenme kapasitesi iyi olup verim potansiyeli \u00e7ok y\u00fcksektir. Ortalama verimi 807,7 kg&#8217;da. (698-931 kg&#8217;da) KAL\u0130TE \u00d6ZELL\u0130KLER\u0130 Bin tane a\u011f\u0131rl\u0131\u011f\u0131: 35.2\u201342.8 gr Hektolitre [&hellip;]<\/p>","protected":false},"author":1,"featured_media":0,"parent":0,"menu_order":0,"comment_status":"closed","ping_status":"closed","template":"","meta":{"footnotes":""},"class_list":["post-262","page","type-page","status-publish","hentry"],"_links":{"self":[{"href":"https:\/\/www.ozseventohum.com\/sv\/wp-json\/wp\/v2\/pages\/262","targetHints":{"allow":["GET"]}}],"collection":[{"href":"https:\/\/www.ozseventohum.com\/sv\/wp-json\/wp\/v2\/pages"}],"about":[{"href":"https:\/\/www.ozseventohum.com\/sv\/wp-json\/wp\/v2\/types\/page"}],"author":[{"embeddable":true,"href":"https:\/\/www.ozseventohum.com\/sv\/wp-json\/wp\/v2\/users\/1"}],"replies":[{"embeddable":true,"href":"https:\/\/www.ozseventohum.com\/sv\/wp-json\/wp\/v2\/comments?post=262"}],"version-history":[{"count":4,"href":"https:\/\/www.ozseventohum.com\/sv\/wp-json\/wp\/v2\/pages\/262\/revisions"}],"predecessor-version":[{"id":267,"href":"https:\/\/www.ozseventohum.com\/sv\/wp-json\/wp\/v2\/pages\/262\/revisions\/267"}],"wp:attachment":[{"href":"https:\/\/www.ozseventohum.com\/sv\/wp-json\/wp\/v2\/media?parent=262"}],"curies":[{"name":"wp","href":"https:\/\/api.w.org\/{rel}","templated":true}]}}