{"id":256,"date":"2025-05-18T07:50:49","date_gmt":"2025-05-18T04:50:49","guid":{"rendered":"https:\/\/www.ozseventohum.com\/?page_id=256"},"modified":"2025-05-18T07:56:00","modified_gmt":"2025-05-18T04:56:00","slug":"kopru-ekmelik-bugday-tohumu","status":"publish","type":"page","link":"https:\/\/www.ozseventohum.com\/sv\/kopru-ekmelik-bugday-tohumu\/","title":{"rendered":"Bro som s\u00e5r vetefr\u00f6"},"content":{"rendered":"<div data-elementor-type=\"wp-page\" data-elementor-id=\"256\" class=\"elementor elementor-256\" data-elementor-post-type=\"page\">\n\t\t\t\t<div class=\"elementor-element elementor-element-d35491a e-flex e-con-boxed e-con e-parent\" data-id=\"d35491a\" data-element_type=\"container\">\n\t\t\t\t\t<div class=\"e-con-inner\">\n\t\t<div class=\"elementor-element elementor-element-93ffe29 e-con-full e-flex e-con e-child\" data-id=\"93ffe29\" data-element_type=\"container\">\n\t\t\t\t<div class=\"elementor-element elementor-element-b936f89 elementor-widget elementor-widget-heading\" data-id=\"b936f89\" data-element_type=\"widget\" data-widget_type=\"heading.default\">\n\t\t\t\t<div class=\"elementor-widget-container\">\n\t\t\t\t\t<h2 class=\"elementor-heading-title elementor-size-default\">BRIDGE VETE UTS\u00c4DE\n<\/h2>\t\t\t\t<\/div>\n\t\t\t\t<\/div>\n\t\t\t\t<div class=\"elementor-element elementor-element-5c76bdd elementor-widget elementor-widget-heading\" data-id=\"5c76bdd\" data-element_type=\"widget\" data-widget_type=\"heading.default\">\n\t\t\t\t<div class=\"elementor-widget-container\">\n\t\t\t\t\t<p class=\"elementor-heading-title elementor-size-default\">(Br\u00f6d Vete)<\/p>\t\t\t\t<\/div>\n\t\t\t\t<\/div>\n\t\t\t\t<\/div>\n\t\t\t\t<div class=\"elementor-element elementor-element-266639d elementor-widget elementor-widget-heading\" data-id=\"266639d\" data-element_type=\"widget\" data-widget_type=\"heading.default\">\n\t\t\t\t<div class=\"elementor-widget-container\">\n\t\t\t\t\t<h2 class=\"elementor-heading-title elementor-size-default\">PRODUKTENS EGENSKAPER\n<\/h2>\t\t\t\t<\/div>\n\t\t\t\t<\/div>\n\t\t\t\t<div class=\"elementor-element elementor-element-ead3d18 elementor-widget elementor-widget-text-editor\" data-id=\"ead3d18\" data-element_type=\"widget\" data-widget_type=\"text-editor.default\">\n\t\t\t\t<div class=\"elementor-widget-container\">\n\t\t\t\t\t\t\t\t\t<ul><li><p class=\"p1\">De vita, spetsiga \u00f6ronen \u00e4r av medell\u00e4ngd.<\/p><\/li><li><p class=\"p1\">Den \u00e4r motst\u00e5ndskraftig mot kyla.<\/p><\/li><li><p class=\"p1\">Planth\u00f6jden varierar mellan 95-105 cm.<\/p><\/li><li><p class=\"p1\">Kornet \u00e4r r\u00f6tt, h\u00e5rt, grovt, halvh\u00e5rt.<\/p><\/li><li><p class=\"p1\">Avkastningspotentialen \u00e4r h\u00f6g och sk\u00f6rdar p\u00e5 660-898 kg uppn\u00e5ddes i f\u00f6rs\u00f6ken.<\/p><\/li><\/ul>\t\t\t\t\t\t\t\t<\/div>\n\t\t\t\t<\/div>\n\t\t\t\t<div class=\"elementor-element elementor-element-227deb5 elementor-widget elementor-widget-heading\" data-id=\"227deb5\" data-element_type=\"widget\" data-widget_type=\"heading.default\">\n\t\t\t\t<div class=\"elementor-widget-container\">\n\t\t\t\t\t<h2 class=\"elementor-heading-title elementor-size-default\">KVALITETSFUNKTIONER\n<\/h2>\t\t\t\t<\/div>\n\t\t\t\t<\/div>\n\t\t\t\t<div class=\"elementor-element elementor-element-9c8ef4d elementor-widget elementor-widget-text-editor\" data-id=\"9c8ef4d\" data-element_type=\"widget\" data-widget_type=\"text-editor.default\">\n\t\t\t\t<div class=\"elementor-widget-container\">\n\t\t\t\t\t\t\t\t\t<ul><li><p class=\"p1\">Tusenkornvikt: 36.2-46.3 g<\/p><\/li><li><p class=\"p1\">Hektoliter vikt 74,6-80,7 kg<\/p><\/li><li><p class=\"p1\">Protein oran\u0131: %12.7<\/p><\/li><li><p class=\"p1\">Gluten oran\u0131: %40.2<\/p><\/li><li><p class=\"p1\">Gluten indeksi: %66.1<\/p><\/li><li><p class=\"p1\">Sedimentering 39,5 ml<\/p><\/li><\/ul>\t\t\t\t\t\t\t\t<\/div>\n\t\t\t\t<\/div>\n\t\t\t\t<div class=\"elementor-element elementor-element-fe79659 elementor-widget elementor-widget-heading\" data-id=\"fe79659\" data-element_type=\"widget\" data-widget_type=\"heading.default\">\n\t\t\t\t<div class=\"elementor-widget-container\">\n\t\t\t\t\t<h2 class=\"elementor-heading-title elementor-size-default\">PATOLOGISKA S\u00c4RDRAG\n<\/h2>\t\t\t\t<\/div>\n\t\t\t\t<\/div>\n\t\t\t\t<div class=\"elementor-element elementor-element-0747f06 elementor-widget elementor-widget-text-editor\" data-id=\"0747f06\" data-element_type=\"widget\" data-widget_type=\"text-editor.default\">\n\t\t\t\t<div class=\"elementor-widget-container\">\n\t\t\t\t\t\t\t\t\t<ul>\n \t<li>\n<p class=\"p1\">Tolerant mot mj\u00f6ldagg, brunrost och gulrost.<\/p>\n<\/li>\n \t<li>\n<p class=\"p1\">Eftersom resistenta linjer mot brun- och gulrost anv\u00e4nds i hybriden av sorten f\u00f6rblir sjukdomen under den ekonomiska skadeniv\u00e5n \u00e4ven under h\u00f6ga epidemiska f\u00f6rh\u00e5llanden.<\/p>\n<\/li>\n<\/ul>\t\t\t\t\t\t\t\t<\/div>\n\t\t\t\t<\/div>\n\t\t\t\t<div class=\"elementor-element elementor-element-f716ca2 elementor-widget elementor-widget-image\" data-id=\"f716ca2\" data-element_type=\"widget\" data-widget_type=\"image.default\">\n\t\t\t\t<div class=\"elementor-widget-container\">\n\t\t\t\t\t\t\t\t\t\t\t\t\t\t\t<img fetchpriority=\"high\" decoding=\"async\" width=\"750\" height=\"749\" src=\"https:\/\/www.ozseventohum.com\/wp-content\/uploads\/2025\/05\/kopru-bugday-sayfa.jpeg\" class=\"attachment-full size-full wp-image-258\" alt=\"\" srcset=\"https:\/\/www.ozseventohum.com\/wp-content\/uploads\/2025\/05\/kopru-bugday-sayfa.jpeg 750w, https:\/\/www.ozseventohum.com\/wp-content\/uploads\/2025\/05\/kopru-bugday-sayfa-300x300.jpeg 300w, https:\/\/www.ozseventohum.com\/wp-content\/uploads\/2025\/05\/kopru-bugday-sayfa-150x150.jpeg 150w\" sizes=\"(max-width: 750px) 100vw, 750px\" \/>\t\t\t\t\t\t\t\t\t\t\t\t\t\t\t<\/div>\n\t\t\t\t<\/div>\n\t\t\t\t\t<\/div>\n\t\t\t\t<\/div>\n\t\t\t\t<\/div>","protected":false},"excerpt":{"rendered":"<p>K\u00d6PR\u00dc BU\u011eDAY TOHUMU (Ekmeklik Bu\u011fday) \u00dcR\u00dcN \u00d6ZELL\u0130KLER\u0130 Beyaz ba\u015fakl\u0131, k\u0131l\u00e7\u0131kl\u0131 ba\u015faklar\u0131 orta uzunluktad\u0131r. So\u011fuklara kar\u015f\u0131 dayan\u0131kl\u0131d\u0131r. Bitki boyu 95\u2013105 cm aras\u0131nda de\u011fi\u015fmektedir. Tanesi k\u0131rm\u0131z\u0131, sert, iri, yar\u0131-sert yap\u0131dad\u0131r. Verim potansiyeli y\u00fcksek olup denemelerde 660\u2013898 kg verime ula\u015f\u0131lm\u0131\u015ft\u0131r. KAL\u0130TE \u00d6ZELL\u0130KLER\u0130 Bin tane a\u011f\u0131rl\u0131\u011f\u0131: 36.2\u201346.3 gr Hektolitre a\u011f\u0131rl\u0131\u011f\u0131: 74.6\u201380.7 kg Protein oran\u0131: %12.7 Gluten oran\u0131: %40.2 Gluten [&hellip;]<\/p>","protected":false},"author":1,"featured_media":0,"parent":0,"menu_order":0,"comment_status":"closed","ping_status":"closed","template":"","meta":{"footnotes":""},"class_list":["post-256","page","type-page","status-publish","hentry"],"_links":{"self":[{"href":"https:\/\/www.ozseventohum.com\/sv\/wp-json\/wp\/v2\/pages\/256","targetHints":{"allow":["GET"]}}],"collection":[{"href":"https:\/\/www.ozseventohum.com\/sv\/wp-json\/wp\/v2\/pages"}],"about":[{"href":"https:\/\/www.ozseventohum.com\/sv\/wp-json\/wp\/v2\/types\/page"}],"author":[{"embeddable":true,"href":"https:\/\/www.ozseventohum.com\/sv\/wp-json\/wp\/v2\/users\/1"}],"replies":[{"embeddable":true,"href":"https:\/\/www.ozseventohum.com\/sv\/wp-json\/wp\/v2\/comments?post=256"}],"version-history":[{"count":4,"href":"https:\/\/www.ozseventohum.com\/sv\/wp-json\/wp\/v2\/pages\/256\/revisions"}],"predecessor-version":[{"id":261,"href":"https:\/\/www.ozseventohum.com\/sv\/wp-json\/wp\/v2\/pages\/256\/revisions\/261"}],"wp:attachment":[{"href":"https:\/\/www.ozseventohum.com\/sv\/wp-json\/wp\/v2\/media?parent=256"}],"curies":[{"name":"wp","href":"https:\/\/api.w.org\/{rel}","templated":true}]}}