{"id":348,"date":"2025-05-18T08:40:42","date_gmt":"2025-05-18T05:40:42","guid":{"rendered":"https:\/\/www.ozseventohum.com\/?page_id=348"},"modified":"2025-05-18T08:41:24","modified_gmt":"2025-05-18T05:41:24","slug":"gizlilik-politikasi","status":"publish","type":"page","link":"https:\/\/www.ozseventohum.com\/en\/gizlilik-politikasi\/","title":{"rendered":"Privacy Policy"},"content":{"rendered":"<div data-elementor-type=\"wp-page\" data-elementor-id=\"348\" class=\"elementor elementor-348\" data-elementor-post-type=\"page\">\n\t\t\t\t<div class=\"elementor-element elementor-element-d8c311c e-flex e-con-boxed e-con e-parent\" data-id=\"d8c311c\" data-element_type=\"container\">\n\t\t\t\t\t<div class=\"e-con-inner\">\n\t\t\t\t<div class=\"elementor-element elementor-element-bd4e888 elementor-widget elementor-widget-text-editor\" data-id=\"bd4e888\" data-element_type=\"widget\" data-widget_type=\"text-editor.default\">\n\t\t\t\t<div class=\"elementor-widget-container\">\n\t\t\t\t\t\t\t\t\t<p>Privacy Policy<\/p><p>By using this website, you consent to the processing of your personal data. Your security is important to us. For this reason, the personal data you share with us is sensitively protected.<\/p><p>Data Controller<\/p><p>We, \u00d6zseven Seed, as the data controller, with this privacy and personal data protection policy, which of your personal data will be processed for what purposes within the scope of the website you are visiting, with whom and for what reasons the processed data can be shared, our data processing method and legal reasons; We aim to enlighten you, our users, about what your rights are regarding your processed data.<\/p><p>Personal Data Collected<\/p><p>Your personal data collected by this website:<\/p><p>Device information<br \/>IP address<br \/>Usage data<br \/>Services Used<br \/>Analytics and monitoring<br \/>Google Analytics: Google Analytics is used to analyze visitor behavior and site usage. This service provides detailed reports on visitor traffic, interactions and user behavior.<br \/>Purposes of Data Processing<\/p><p>Your personal data is processed by this website for the purposes of providing services in accordance with its purpose, fulfilling legal obligations, improving service quality, communication, security and sharing information with legal authorities when necessary. Your personal data will not be used for purposes other than these purposes.<\/p><p>Data Transfer<\/p><p>Your personal data collected by this website is not shared with third parties without your explicit consent, except for legal obligations. However, it may be shared with our service providers, business partners and legal authorities to the extent necessary for the purposes of providing the service and fulfilling legal obligations.<\/p><p>Use of Cookies<\/p><p>This website uses cookies. Cookies are low-dimensional rich text formats that allow certain information about users to be stored on users' terminal devices when a website is visited. Cookies can be stored on your device through your browser during your first visit to a website and when you visit the same website again with the same device, your browser checks whether there is a cookie stored on your device on behalf of the site. If there is a record, it transmits the data in the record to the website you are visiting. In this way, the website detects your previous visit and determines the content to be delivered to you accordingly.<\/p><p>Your Legal Rights<br \/>Your Rights under KVKK<\/p><p>Pursuant to Article 11 of the KVKK No. 6698, everyone has the right to make the following requests regarding him\/her by applying to the data controller:<\/p><p>Learn whether their personal data is being processed.<br \/>Request information if their personal data has been processed.<br \/>To learn the purpose of processing personal data and whether they are used for their intended purpose.<br \/>To know the third parties to whom personal data are transferred domestically or abroad.<br \/>To request correction of personal data in case of incomplete or incorrect processing.<br \/>To request the deletion or destruction of personal data within the framework of the conditions stipulated in Article 7 of the KVKK.<br \/>To request notification of the transactions made as a result of correction, deletion and destruction requests to third parties to whom personal data are transferred.<br \/>To object to the emergence of a result to the detriment of the person himself\/herself by analyzing the processed data exclusively through automated systems.<br \/>In case of damage due to unlawful processing of personal data, to demand compensation for the damage.<br \/>Contact<\/p><p>You can contact us at ozseven.tohum@gmail.com to exercise your rights regarding your personal data or to get more information about our Privacy Policy.<\/p><p>Approval and Enforcement<\/p><p>It is entirely your choice to share your personal data with our website. If you continue to use our website, it will be assumed that you accept this Privacy Policy. This policy entered into force on May 18, 2025 and will be updated when necessary.<\/p>\t\t\t\t\t\t\t\t<\/div>\n\t\t\t\t<\/div>\n\t\t\t\t\t<\/div>\n\t\t\t\t<\/div>\n\t\t\t\t<\/div>","protected":false},"excerpt":{"rendered":"<p>Gizlilik Politikas\u0131 Bu \u0130nternet sitesini kullanarak ki\u015fisel verilerinizin i\u015flenmesini kabul etmi\u015f olursunuz. G\u00fcvenli\u011finiz bizim i\u00e7in \u00f6nemli. Bu sebeple, bizimle payla\u015faca\u011f\u0131n\u0131z ki\u015fisel verileriniz hassasiyetle korunmaktad\u0131r. Veri Sorumlusu Biz, \u00d6zseven Tohum, veri sorumlusu olarak, bu gizlilik ve ki\u015fisel verilerin korunmas\u0131 politikas\u0131 ile ziyaret etmekte oldu\u011funuz \u0130nternet sitesi kapsam\u0131nda hangi ki\u015fisel verilerinizin hangi ama\u00e7larla i\u015flenece\u011fi, i\u015flenen verilerin kimlerle [&hellip;]<\/p>","protected":false},"author":1,"featured_media":0,"parent":0,"menu_order":0,"comment_status":"closed","ping_status":"closed","template":"","meta":{"footnotes":""},"class_list":["post-348","page","type-page","status-publish","hentry"],"_links":{"self":[{"href":"https:\/\/www.ozseventohum.com\/en\/wp-json\/wp\/v2\/pages\/348","targetHints":{"allow":["GET"]}}],"collection":[{"href":"https:\/\/www.ozseventohum.com\/en\/wp-json\/wp\/v2\/pages"}],"about":[{"href":"https:\/\/www.ozseventohum.com\/en\/wp-json\/wp\/v2\/types\/page"}],"author":[{"embeddable":true,"href":"https:\/\/www.ozseventohum.com\/en\/wp-json\/wp\/v2\/users\/1"}],"replies":[{"embeddable":true,"href":"https:\/\/www.ozseventohum.com\/en\/wp-json\/wp\/v2\/comments?post=348"}],"version-history":[{"count":4,"href":"https:\/\/www.ozseventohum.com\/en\/wp-json\/wp\/v2\/pages\/348\/revisions"}],"predecessor-version":[{"id":352,"href":"https:\/\/www.ozseventohum.com\/en\/wp-json\/wp\/v2\/pages\/348\/revisions\/352"}],"wp:attachment":[{"href":"https:\/\/www.ozseventohum.com\/en\/wp-json\/wp\/v2\/media?parent=348"}],"curies":[{"name":"wp","href":"https:\/\/api.w.org\/{rel}","templated":true}]}}