{"id":268,"date":"2025-05-18T08:04:52","date_gmt":"2025-05-18T05:04:52","guid":{"rendered":"https:\/\/www.ozseventohum.com\/?page_id=268"},"modified":"2025-05-18T08:08:33","modified_gmt":"2025-05-18T05:08:33","slug":"hasat-arpa-tohumu","status":"publish","type":"page","link":"https:\/\/www.ozseventohum.com\/en\/hasat-arpa-tohumu\/","title":{"rendered":"Harvest Barley Seed"},"content":{"rendered":"<div data-elementor-type=\"wp-page\" data-elementor-id=\"268\" class=\"elementor elementor-268\" data-elementor-post-type=\"page\">\n\t\t\t\t<div class=\"elementor-element elementor-element-d38befd e-flex e-con-boxed e-con e-parent\" data-id=\"d38befd\" data-element_type=\"container\">\n\t\t\t\t\t<div class=\"e-con-inner\">\n\t\t<div class=\"elementor-element elementor-element-5947207 e-con-full e-flex e-con e-child\" data-id=\"5947207\" data-element_type=\"container\">\n\t\t\t\t<div class=\"elementor-element elementor-element-52fcdbb elementor-widget elementor-widget-heading\" data-id=\"52fcdbb\" data-element_type=\"widget\" data-widget_type=\"heading.default\">\n\t\t\t\t<div class=\"elementor-widget-container\">\n\t\t\t\t\t<h2 class=\"elementor-heading-title elementor-size-default\">HARVEST BARLEY SEED\n<\/h2>\t\t\t\t<\/div>\n\t\t\t\t<\/div>\n\t\t\t\t<div class=\"elementor-element elementor-element-9782493 elementor-widget elementor-widget-heading\" data-id=\"9782493\" data-element_type=\"widget\" data-widget_type=\"heading.default\">\n\t\t\t\t<div class=\"elementor-widget-container\">\n\t\t\t\t\t<p class=\"elementor-heading-title elementor-size-default\">(Two Row Barley)<\/p>\t\t\t\t<\/div>\n\t\t\t\t<\/div>\n\t\t\t\t<\/div>\n\t\t\t\t<div class=\"elementor-element elementor-element-24b11bc elementor-widget elementor-widget-heading\" data-id=\"24b11bc\" data-element_type=\"widget\" data-widget_type=\"heading.default\">\n\t\t\t\t<div class=\"elementor-widget-container\">\n\t\t\t\t\t<h2 class=\"elementor-heading-title elementor-size-default\">PRODUCT FEATURES\n<\/h2>\t\t\t\t<\/div>\n\t\t\t\t<\/div>\n\t\t\t\t<div class=\"elementor-element elementor-element-a7966e2 elementor-widget elementor-widget-text-editor\" data-id=\"a7966e2\" data-element_type=\"widget\" data-widget_type=\"text-editor.default\">\n\t\t\t\t<div class=\"elementor-widget-container\">\n\t\t\t\t\t\t\t\t\t<ul><li><p class=\"p1\">Spikes are 2 rows and have a long and oblique appearance<\/p><\/li><li><p class=\"p1\">Plant height is medium and 90-100 cm.<\/p><\/li><li><p class=\"p1\">It is a winter, early variety with good cold resistance.<\/p><\/li><li><p class=\"p1\">Tillering capacity is high and average yield is 725 kg\/da. (Trials 550-875 kg\/da.)<\/p><\/li><\/ul>\t\t\t\t\t\t\t\t<\/div>\n\t\t\t\t<\/div>\n\t\t\t\t<div class=\"elementor-element elementor-element-153ea32 elementor-widget elementor-widget-heading\" data-id=\"153ea32\" data-element_type=\"widget\" data-widget_type=\"heading.default\">\n\t\t\t\t<div class=\"elementor-widget-container\">\n\t\t\t\t\t<h2 class=\"elementor-heading-title elementor-size-default\">QUALITY FEATURES\n<\/h2>\t\t\t\t<\/div>\n\t\t\t\t<\/div>\n\t\t\t\t<div class=\"elementor-element elementor-element-3a92671 elementor-widget elementor-widget-text-editor\" data-id=\"3a92671\" data-element_type=\"widget\" data-widget_type=\"text-editor.default\">\n\t\t\t\t<div class=\"elementor-widget-container\">\n\t\t\t\t\t\t\t\t\t<ul><li><p class=\"p1\">Thousand grain weight 41 gr<\/p><\/li><li><p class=\"p1\">Hectoliter weight 70 kg<\/p><\/li><li><p class=\"p1\">Protein oran\u0131 %13,5<\/p><\/li><\/ul>\t\t\t\t\t\t\t\t<\/div>\n\t\t\t\t<\/div>\n\t\t\t\t<div class=\"elementor-element elementor-element-21d2021 elementor-widget elementor-widget-heading\" data-id=\"21d2021\" data-element_type=\"widget\" data-widget_type=\"heading.default\">\n\t\t\t\t<div class=\"elementor-widget-container\">\n\t\t\t\t\t<h2 class=\"elementor-heading-title elementor-size-default\">PATHOLOGICAL FEATURES\n<\/h2>\t\t\t\t<\/div>\n\t\t\t\t<\/div>\n\t\t\t\t<div class=\"elementor-element elementor-element-afc6e36 elementor-widget elementor-widget-text-editor\" data-id=\"afc6e36\" data-element_type=\"widget\" data-widget_type=\"text-editor.default\">\n\t\t\t\t<div class=\"elementor-widget-container\">\n\t\t\t\t\t\t\t\t\t<ul><li><p class=\"p1\">Resistant to powdery mildew and leaf stripe spot disease, very good resistance to leaf spot disease, tolerant to rust diseases.<\/p><\/li><li><p class=\"p1\">Resistant to stem and spike crushing.<\/p><\/li><\/ul>\t\t\t\t\t\t\t\t<\/div>\n\t\t\t\t<\/div>\n\t\t\t\t<div class=\"elementor-element elementor-element-0230751 elementor-widget elementor-widget-image\" data-id=\"0230751\" data-element_type=\"widget\" data-widget_type=\"image.default\">\n\t\t\t\t<div class=\"elementor-widget-container\">\n\t\t\t\t\t\t\t\t\t\t\t\t\t\t\t<img fetchpriority=\"high\" decoding=\"async\" width=\"750\" height=\"747\" src=\"https:\/\/www.ozseventohum.com\/wp-content\/uploads\/2025\/05\/hasat-arpa-tohumu.jpeg\" class=\"attachment-full size-full wp-image-270\" alt=\"\" srcset=\"https:\/\/www.ozseventohum.com\/wp-content\/uploads\/2025\/05\/hasat-arpa-tohumu.jpeg 750w, https:\/\/www.ozseventohum.com\/wp-content\/uploads\/2025\/05\/hasat-arpa-tohumu-300x300.jpeg 300w, https:\/\/www.ozseventohum.com\/wp-content\/uploads\/2025\/05\/hasat-arpa-tohumu-150x150.jpeg 150w\" sizes=\"(max-width: 750px) 100vw, 750px\" \/>\t\t\t\t\t\t\t\t\t\t\t\t\t\t\t<\/div>\n\t\t\t\t<\/div>\n\t\t\t\t\t<\/div>\n\t\t\t\t<\/div>\n\t\t\t\t<\/div>","protected":false},"excerpt":{"rendered":"<p>HASAT ARPA TOHUMU (\u0130ki S\u0131ral\u0131 Arpa) \u00dcR\u00dcN \u00d6ZELL\u0130KLER\u0130 Ba\u015faklar\u0131 2 s\u0131ral\u0131 olup uzun ve e\u011fik bir g\u00f6r\u00fcn\u00fcmdedir Bitki boyu orta uzunlukta olup 90-100 cm&#8217;dir. K\u0131\u015fl\u0131k, erkenci bir \u00e7e\u015fit olup so\u011fuklara dayan\u0131kl\u0131l\u0131\u011f\u0131 iyidir. Karde\u015flenme kapasitesi y\u00fcksek olup ortalama verimi 725 kg\/da. (Denemeleri 550-875 kg\/da.) KAL\u0130TE \u00d6ZELL\u0130KLER\u0130 Bin tane a\u011f\u0131rl\u0131\u011f\u0131 41 gr Hektolitre a\u011f\u0131rl\u0131\u011f\u0131 70 kg Protein [&hellip;]<\/p>","protected":false},"author":1,"featured_media":0,"parent":0,"menu_order":0,"comment_status":"closed","ping_status":"closed","template":"","meta":{"footnotes":""},"class_list":["post-268","page","type-page","status-publish","hentry"],"_links":{"self":[{"href":"https:\/\/www.ozseventohum.com\/en\/wp-json\/wp\/v2\/pages\/268","targetHints":{"allow":["GET"]}}],"collection":[{"href":"https:\/\/www.ozseventohum.com\/en\/wp-json\/wp\/v2\/pages"}],"about":[{"href":"https:\/\/www.ozseventohum.com\/en\/wp-json\/wp\/v2\/types\/page"}],"author":[{"embeddable":true,"href":"https:\/\/www.ozseventohum.com\/en\/wp-json\/wp\/v2\/users\/1"}],"replies":[{"embeddable":true,"href":"https:\/\/www.ozseventohum.com\/en\/wp-json\/wp\/v2\/comments?post=268"}],"version-history":[{"count":4,"href":"https:\/\/www.ozseventohum.com\/en\/wp-json\/wp\/v2\/pages\/268\/revisions"}],"predecessor-version":[{"id":273,"href":"https:\/\/www.ozseventohum.com\/en\/wp-json\/wp\/v2\/pages\/268\/revisions\/273"}],"wp:attachment":[{"href":"https:\/\/www.ozseventohum.com\/en\/wp-json\/wp\/v2\/media?parent=268"}],"curies":[{"name":"wp","href":"https:\/\/api.w.org\/{rel}","templated":true}]}}