{"id":348,"date":"2025-05-18T08:40:42","date_gmt":"2025-05-18T05:40:42","guid":{"rendered":"https:\/\/www.ozseventohum.com\/?page_id=348"},"modified":"2025-05-18T08:41:24","modified_gmt":"2025-05-18T05:41:24","slug":"gizlilik-politikasi","status":"publish","type":"page","link":"https:\/\/www.ozseventohum.com\/bg\/gizlilik-politikasi\/","title":{"rendered":"\u041f\u043e\u043b\u0438\u0442\u0438\u043a\u0430 \u0437\u0430 \u043f\u043e\u0432\u0435\u0440\u0438\u0442\u0435\u043b\u043d\u043e\u0441\u0442"},"content":{"rendered":"<div data-elementor-type=\"wp-page\" data-elementor-id=\"348\" class=\"elementor elementor-348\" data-elementor-post-type=\"page\">\n\t\t\t\t<div class=\"elementor-element elementor-element-d8c311c e-flex e-con-boxed e-con e-parent\" data-id=\"d8c311c\" data-element_type=\"container\">\n\t\t\t\t\t<div class=\"e-con-inner\">\n\t\t\t\t<div class=\"elementor-element elementor-element-bd4e888 elementor-widget elementor-widget-text-editor\" data-id=\"bd4e888\" data-element_type=\"widget\" data-widget_type=\"text-editor.default\">\n\t\t\t\t<div class=\"elementor-widget-container\">\n\t\t\t\t\t\t\t\t\t<p>\u041f\u043e\u043b\u0438\u0442\u0438\u043a\u0430 \u0437\u0430 \u043f\u043e\u0432\u0435\u0440\u0438\u0442\u0435\u043b\u043d\u043e\u0441\u0442<\/p><p>\u0421 \u0438\u0437\u043f\u043e\u043b\u0437\u0432\u0430\u043d\u0435\u0442\u043e \u043d\u0430 \u0442\u043e\u0437\u0438 \u0443\u0435\u0431\u0441\u0430\u0439\u0442 \u0432\u0438\u0435 \u0441\u0435 \u0441\u044a\u0433\u043b\u0430\u0441\u044f\u0432\u0430\u0442\u0435 \u0441 \u043e\u0431\u0440\u0430\u0431\u043e\u0442\u043a\u0430\u0442\u0430 \u043d\u0430 \u0432\u0430\u0448\u0438\u0442\u0435 \u043b\u0438\u0447\u043d\u0438 \u0434\u0430\u043d\u043d\u0438. \u0412\u0430\u0448\u0430\u0442\u0430 \u0441\u0438\u0433\u0443\u0440\u043d\u043e\u0441\u0442 \u0435 \u0432\u0430\u0436\u043d\u0430 \u0437\u0430 \u043d\u0430\u0441. \u041f\u043e \u0442\u0430\u0437\u0438 \u043f\u0440\u0438\u0447\u0438\u043d\u0430 \u043b\u0438\u0447\u043d\u0438\u0442\u0435 \u0432\u0438 \u0434\u0430\u043d\u043d\u0438, \u043a\u043e\u0438\u0442\u043e \u0449\u0435 \u0441\u043f\u043e\u0434\u0435\u043b\u0438\u0442\u0435 \u0441 \u043d\u0430\u0441, \u0441\u0430 \u0447\u0443\u0432\u0441\u0442\u0432\u0438\u0442\u0435\u043b\u043d\u043e \u0437\u0430\u0449\u0438\u0442\u0435\u043d\u0438.<\/p><p>\u0410\u0434\u043c\u0438\u043d\u0438\u0441\u0442\u0440\u0430\u0442\u043e\u0440 \u043d\u0430 \u0434\u0430\u043d\u043d\u0438<\/p><p>\u041d\u0438\u0435, \u00d6zseven Seed, \u043a\u0430\u0442\u043e \u0430\u0434\u043c\u0438\u043d\u0438\u0441\u0442\u0440\u0430\u0442\u043e\u0440 \u043d\u0430 \u0434\u0430\u043d\u043d\u0438, \u0441 \u0442\u0430\u0437\u0438 \u043f\u043e\u043b\u0438\u0442\u0438\u043a\u0430 \u0437\u0430 \u043f\u043e\u0432\u0435\u0440\u0438\u0442\u0435\u043b\u043d\u043e\u0441\u0442 \u0438 \u0437\u0430\u0449\u0438\u0442\u0430 \u043d\u0430 \u043b\u0438\u0447\u043d\u0438\u0442\u0435 \u0434\u0430\u043d\u043d\u0438, \u043a\u043e\u0438 \u043e\u0442 \u0432\u0430\u0448\u0438\u0442\u0435 \u043b\u0438\u0447\u043d\u0438 \u0434\u0430\u043d\u043d\u0438 \u0449\u0435 \u0431\u044a\u0434\u0430\u0442 \u043e\u0431\u0440\u0430\u0431\u043e\u0442\u0432\u0430\u043d\u0438 \u0437\u0430 \u043a\u0430\u043a\u0432\u0438 \u0446\u0435\u043b\u0438 \u0432 \u0440\u0430\u043c\u043a\u0438\u0442\u0435 \u043d\u0430 \u0443\u0435\u0431\u0441\u0430\u0439\u0442\u0430, \u043a\u043e\u0439\u0442\u043e \u043f\u043e\u0441\u0435\u0449\u0430\u0432\u0430\u0442\u0435, \u0441 \u043a\u043e\u0433\u043e \u0438 \u043f\u043e \u043a\u0430\u043a\u0432\u0438 \u043f\u0440\u0438\u0447\u0438\u043d\u0438 \u043e\u0431\u0440\u0430\u0431\u043e\u0442\u0432\u0430\u043d\u0438\u0442\u0435 \u0434\u0430\u043d\u043d\u0438 \u043c\u043e\u0433\u0430\u0442 \u0434\u0430 \u0431\u044a\u0434\u0430\u0442 \u0441\u043f\u043e\u0434\u0435\u043b\u044f\u043d\u0438, \u043d\u0430\u0448\u0438\u044f \u043c\u0435\u0442\u043e\u0434 \u0437\u0430 \u043e\u0431\u0440\u0430\u0431\u043e\u0442\u043a\u0430 \u043d\u0430 \u0434\u0430\u043d\u043d\u0438 \u0438 \u043f\u0440\u0430\u0432\u043d\u0438 \u043e\u0441\u043d\u043e\u0432\u0430\u043d\u0438\u044f; \u0426\u0435\u043b\u0442\u0430 \u043d\u0438 \u0435 \u0434\u0430 \u0432\u0438 \u0438\u043d\u0444\u043e\u0440\u043c\u0438\u0440\u0430\u043c\u0435, \u043d\u0430\u0448\u0438\u0442\u0435 \u043f\u043e\u0442\u0440\u0435\u0431\u0438\u0442\u0435\u043b\u0438, \u043a\u0430\u043a\u0432\u0438 \u0441\u0430 \u0432\u0430\u0448\u0438\u0442\u0435 \u043f\u0440\u0430\u0432\u0430 \u043f\u043e \u043e\u0442\u043d\u043e\u0448\u0435\u043d\u0438\u0435 \u043d\u0430 \u043e\u0431\u0440\u0430\u0431\u043e\u0442\u0432\u0430\u043d\u0438\u0442\u0435 \u043e\u0442 \u0432\u0430\u0441 \u0434\u0430\u043d\u043d\u0438.<\/p><p>\u0421\u044a\u0431\u0440\u0430\u043d\u0438 \u043b\u0438\u0447\u043d\u0438 \u0434\u0430\u043d\u043d\u0438<\/p><p>\u0412\u0430\u0448\u0438\u0442\u0435 \u043b\u0438\u0447\u043d\u0438 \u0434\u0430\u043d\u043d\u0438, \u0441\u044a\u0431\u0440\u0430\u043d\u0438 \u043e\u0442 \u0442\u043e\u0437\u0438 \u0443\u0435\u0431\u0441\u0430\u0439\u0442:<\/p><p>\u0418\u043d\u0444\u043e\u0440\u043c\u0430\u0446\u0438\u044f \u0437\u0430 \u0443\u0441\u0442\u0440\u043e\u0439\u0441\u0442\u0432\u043e\u0442\u043e<br \/>IP \u0430\u0434\u0440\u0435\u0441<br \/>\u0414\u0430\u043d\u043d\u0438 \u0437\u0430 \u0438\u0437\u043f\u043e\u043b\u0437\u0432\u0430\u043d\u0435<br \/>\u0418\u0437\u043f\u043e\u043b\u0437\u0432\u0430\u043d\u0438 \u0443\u0441\u043b\u0443\u0433\u0438<br \/>\u0410\u043d\u0430\u043b\u0438\u0437 \u0438 \u043c\u043e\u043d\u0438\u0442\u043e\u0440\u0438\u043d\u0433<br \/>Google \u0410\u043d\u0430\u043b\u0438\u0437: Google Analytics \u0441\u0435 \u0438\u0437\u043f\u043e\u043b\u0437\u0432\u0430 \u0437\u0430 \u0430\u043d\u0430\u043b\u0438\u0437 \u043d\u0430 \u043f\u043e\u0432\u0435\u0434\u0435\u043d\u0438\u0435\u0442\u043e \u043d\u0430 \u043f\u043e\u0441\u0435\u0442\u0438\u0442\u0435\u043b\u0438\u0442\u0435 \u0438 \u0438\u0437\u043f\u043e\u043b\u0437\u0432\u0430\u043d\u0435\u0442\u043e \u043d\u0430 \u0441\u0430\u0439\u0442\u0430. \u0422\u0430\u0437\u0438 \u0443\u0441\u043b\u0443\u0433\u0430 \u043f\u0440\u0435\u0434\u043e\u0441\u0442\u0430\u0432\u044f \u043f\u043e\u0434\u0440\u043e\u0431\u043d\u0438 \u043e\u0442\u0447\u0435\u0442\u0438 \u0437\u0430 \u0442\u0440\u0430\u0444\u0438\u043a\u0430 \u043d\u0430 \u043f\u043e\u0441\u0435\u0442\u0438\u0442\u0435\u043b\u0438\u0442\u0435, \u0432\u0437\u0430\u0438\u043c\u043e\u0434\u0435\u0439\u0441\u0442\u0432\u0438\u044f\u0442\u0430 \u0438 \u043f\u043e\u0432\u0435\u0434\u0435\u043d\u0438\u0435\u0442\u043e \u043d\u0430 \u043f\u043e\u0442\u0440\u0435\u0431\u0438\u0442\u0435\u043b\u0438\u0442\u0435.<br \/>\u0426\u0435\u043b\u0438 \u043d\u0430 \u043e\u0431\u0440\u0430\u0431\u043e\u0442\u043a\u0430\u0442\u0430 \u043d\u0430 \u0434\u0430\u043d\u043d\u0438<\/p><p>\u0412\u0430\u0448\u0438\u0442\u0435 \u043b\u0438\u0447\u043d\u0438 \u0434\u0430\u043d\u043d\u0438 \u0441\u0435 \u043e\u0431\u0440\u0430\u0431\u043e\u0442\u0432\u0430\u0442 \u043e\u0442 \u0442\u043e\u0437\u0438 \u0443\u0435\u0431\u0441\u0430\u0439\u0442 \u0437\u0430 \u0446\u0435\u043b\u0438\u0442\u0435 \u043d\u0430 \u043f\u0440\u0435\u0434\u043e\u0441\u0442\u0430\u0432\u044f\u043d\u0435 \u043d\u0430 \u0443\u0441\u043b\u0443\u0433\u0438 \u0432 \u0441\u044a\u043e\u0442\u0432\u0435\u0442\u0441\u0442\u0432\u0438\u0435 \u0441 \u043d\u0435\u0433\u043e\u0432\u0430\u0442\u0430 \u0446\u0435\u043b, \u0438\u0437\u043f\u044a\u043b\u043d\u0435\u043d\u0438\u0435 \u043d\u0430 \u0437\u0430\u043a\u043e\u043d\u043e\u0432\u0438 \u0437\u0430\u0434\u044a\u043b\u0436\u0435\u043d\u0438\u044f, \u043f\u043e\u0434\u043e\u0431\u0440\u044f\u0432\u0430\u043d\u0435 \u043d\u0430 \u043a\u0430\u0447\u0435\u0441\u0442\u0432\u043e\u0442\u043e \u043d\u0430 \u0443\u0441\u043b\u0443\u0433\u0438\u0442\u0435, \u043a\u043e\u043c\u0443\u043d\u0438\u043a\u0430\u0446\u0438\u044f, \u0441\u0438\u0433\u0443\u0440\u043d\u043e\u0441\u0442 \u0438 \u0441\u043f\u043e\u0434\u0435\u043b\u044f\u043d\u0435 \u043d\u0430 \u0438\u043d\u0444\u043e\u0440\u043c\u0430\u0446\u0438\u044f \u0441\u044a\u0441 \u0437\u0430\u043a\u043e\u043d\u043e\u0432\u0438 \u043e\u0440\u0433\u0430\u043d\u0438, \u043a\u043e\u0433\u0430\u0442\u043e \u0442\u043e\u0432\u0430 \u0435 \u043d\u0435\u043e\u0431\u0445\u043e\u0434\u0438\u043c\u043e. \u0412\u0430\u0448\u0438\u0442\u0435 \u043b\u0438\u0447\u043d\u0438 \u0434\u0430\u043d\u043d\u0438 \u043d\u044f\u043c\u0430 \u0434\u0430 \u0431\u044a\u0434\u0430\u0442 \u0438\u0437\u043f\u043e\u043b\u0437\u0432\u0430\u043d\u0438 \u0437\u0430 \u0446\u0435\u043b\u0438, \u0440\u0430\u0437\u043b\u0438\u0447\u043d\u0438 \u043e\u0442 \u0442\u0435\u0437\u0438 \u0446\u0435\u043b\u0438.<\/p><p>\u041f\u0440\u0435\u0445\u0432\u044a\u0440\u043b\u044f\u043d\u0435 \u043d\u0430 \u0434\u0430\u043d\u043d\u0438<\/p><p>\u041b\u0438\u0447\u043d\u0438\u0442\u0435 \u0432\u0438 \u0434\u0430\u043d\u043d\u0438, \u0441\u044a\u0431\u0440\u0430\u043d\u0438 \u043e\u0442 \u0442\u043e\u0437\u0438 \u0443\u0435\u0431\u0441\u0430\u0439\u0442, \u043d\u0435 \u0441\u0435 \u0441\u043f\u043e\u0434\u0435\u043b\u044f\u0442 \u0441 \u0442\u0440\u0435\u0442\u0438 \u0441\u0442\u0440\u0430\u043d\u0438 \u0431\u0435\u0437 \u0432\u0430\u0448\u0435\u0442\u043e \u0438\u0437\u0440\u0438\u0447\u043d\u043e \u0441\u044a\u0433\u043b\u0430\u0441\u0438\u0435, \u043e\u0441\u0432\u0435\u043d \u0432 \u0441\u043b\u0443\u0447\u0430\u0439 \u043d\u0430 \u0437\u0430\u043a\u043e\u043d\u043e\u0432\u0438 \u0437\u0430\u0434\u044a\u043b\u0436\u0435\u043d\u0438\u044f. \u0412\u044a\u043f\u0440\u0435\u043a\u0438 \u0442\u043e\u0432\u0430 \u0442\u0435 \u043c\u043e\u0433\u0430\u0442 \u0434\u0430 \u0431\u044a\u0434\u0430\u0442 \u0441\u043f\u043e\u0434\u0435\u043b\u044f\u043d\u0438 \u0441 \u043d\u0430\u0448\u0438\u0442\u0435 \u0434\u043e\u0441\u0442\u0430\u0432\u0447\u0438\u0446\u0438 \u043d\u0430 \u0443\u0441\u043b\u0443\u0433\u0438, \u0431\u0438\u0437\u043d\u0435\u0441 \u043f\u0430\u0440\u0442\u043d\u044c\u043e\u0440\u0438 \u0438 \u043f\u0440\u0430\u0432\u043d\u0438 \u043e\u0440\u0433\u0430\u043d\u0438, \u0434\u043e\u043a\u043e\u043b\u043a\u043e\u0442\u043e \u0442\u043e\u0432\u0430 \u0435 \u043d\u0435\u043e\u0431\u0445\u043e\u0434\u0438\u043c\u043e \u0437\u0430 \u0446\u0435\u043b\u0438\u0442\u0435 \u043d\u0430 \u043f\u0440\u0435\u0434\u043e\u0441\u0442\u0430\u0432\u044f\u043d\u0435\u0442\u043e \u043d\u0430 \u0443\u0441\u043b\u0443\u0433\u0430\u0442\u0430 \u0438 \u0438\u0437\u043f\u044a\u043b\u043d\u0435\u043d\u0438\u0435\u0442\u043e \u043d\u0430 \u0437\u0430\u043a\u043e\u043d\u043e\u0432\u0438\u0442\u0435 \u0437\u0430\u0434\u044a\u043b\u0436\u0435\u043d\u0438\u044f.<\/p><p>\u0418\u0437\u043f\u043e\u043b\u0437\u0432\u0430\u043d\u0435 \u043d\u0430 \u0431\u0438\u0441\u043a\u0432\u0438\u0442\u043a\u0438<\/p><p>\u0422\u043e\u0437\u0438 \u0443\u0435\u0431\u0441\u0430\u0439\u0442 \u0438\u0437\u043f\u043e\u043b\u0437\u0432\u0430 \"\u0431\u0438\u0441\u043a\u0432\u0438\u0442\u043a\u0438\". \u0411\u0438\u0441\u043a\u0432\u0438\u0442\u043a\u0438\u0442\u0435 \u0441\u0430 \u043d\u0438\u0441\u043a\u043e\u0440\u0430\u0437\u043c\u0435\u0440\u043d\u0438 \u0431\u043e\u0433\u0430\u0442\u0438 \u0442\u0435\u043a\u0441\u0442\u043e\u0432\u0438 \u0444\u043e\u0440\u043c\u0430\u0442\u0438, \u043a\u043e\u0438\u0442\u043e \u043f\u043e\u0437\u0432\u043e\u043b\u044f\u0432\u0430\u0442 \u0441\u044a\u0445\u0440\u0430\u043d\u044f\u0432\u0430\u043d\u0435\u0442\u043e \u043d\u0430 \u043e\u043f\u0440\u0435\u0434\u0435\u043b\u0435\u043d\u0430 \u0438\u043d\u0444\u043e\u0440\u043c\u0430\u0446\u0438\u044f \u0437\u0430 \u043f\u043e\u0442\u0440\u0435\u0431\u0438\u0442\u0435\u043b\u0438\u0442\u0435 \u043d\u0430 \u0442\u0435\u0445\u043d\u0438\u0442\u0435 \u043a\u0440\u0430\u0439\u043d\u0438 \u0443\u0441\u0442\u0440\u043e\u0439\u0441\u0442\u0432\u0430, \u043a\u043e\u0433\u0430\u0442\u043e \u043f\u043e\u0441\u0435\u0449\u0430\u0432\u0430\u0442 \u0434\u0430\u0434\u0435\u043d \u0443\u0435\u0431\u0441\u0430\u0439\u0442. \u0411\u0438\u0441\u043a\u0432\u0438\u0442\u043a\u0438\u0442\u0435 \u043c\u043e\u0433\u0430\u0442 \u0434\u0430 \u0431\u044a\u0434\u0430\u0442 \u0441\u044a\u0445\u0440\u0430\u043d\u0435\u043d\u0438 \u043d\u0430 \u0412\u0430\u0448\u0435\u0442\u043e \u0443\u0441\u0442\u0440\u043e\u0439\u0441\u0442\u0432\u043e \u0447\u0440\u0435\u0437 \u0412\u0430\u0448\u0438\u044f \u0431\u0440\u0430\u0443\u0437\u044a\u0440 \u043f\u043e \u0432\u0440\u0435\u043c\u0435 \u043d\u0430 \u043f\u044a\u0440\u0432\u043e\u0442\u043e \u0412\u0438 \u043f\u043e\u0441\u0435\u0449\u0435\u043d\u0438\u0435 \u043d\u0430 \u0434\u0430\u0434\u0435\u043d \u0443\u0435\u0431\u0441\u0430\u0439\u0442, \u0430 \u043a\u043e\u0433\u0430\u0442\u043e \u043f\u043e\u0441\u0435\u0442\u0438\u0442\u0435 \u0441\u044a\u0449\u0438\u044f \u0441\u0430\u0439\u0442 \u043e\u0442\u043d\u043e\u0432\u043e \u0441\u044a\u0441 \u0441\u044a\u0449\u043e\u0442\u043e \u0443\u0441\u0442\u0440\u043e\u0439\u0441\u0442\u0432\u043e, \u0412\u0430\u0448\u0438\u044f\u0442 \u0431\u0440\u0430\u0443\u0437\u044a\u0440 \u043f\u0440\u043e\u0432\u0435\u0440\u044f\u0432\u0430 \u0434\u0430\u043b\u0438 \u043d\u0430 \u0412\u0430\u0448\u0435\u0442\u043e \u0443\u0441\u0442\u0440\u043e\u0439\u0441\u0442\u0432\u043e \u0438\u043c\u0430 \u0441\u044a\u0445\u0440\u0430\u043d\u0435\u043d\u0430 \u0431\u0438\u0441\u043a\u0432\u0438\u0442\u043a\u0430 \u043e\u0442 \u0438\u043c\u0435\u0442\u043e \u043d\u0430 \u0441\u0430\u0439\u0442\u0430. \u0410\u043a\u043e \u0438\u043c\u0430 \u0437\u0430\u043f\u0438\u0441, \u0442\u043e\u0439 \u043f\u0440\u0435\u0434\u0430\u0432\u0430 \u0434\u0430\u043d\u043d\u0438\u0442\u0435 \u0432 \u0437\u0430\u043f\u0438\u0441\u0430 \u043d\u0430 \u0443\u0435\u0431\u0441\u0430\u0439\u0442\u0430, \u043a\u043e\u0439\u0442\u043e \u043f\u043e\u0441\u0435\u0449\u0430\u0432\u0430\u0442\u0435. \u041f\u043e \u0442\u043e\u0437\u0438 \u043d\u0430\u0447\u0438\u043d \u0443\u0435\u0431\u0441\u0430\u0439\u0442\u044a\u0442 \u0440\u0430\u0437\u043f\u043e\u0437\u043d\u0430\u0432\u0430 \u043f\u0440\u0435\u0434\u0438\u0448\u043d\u043e\u0442\u043e \u0432\u0438 \u043f\u043e\u0441\u0435\u0449\u0435\u043d\u0438\u0435 \u0438 \u0441\u044a\u043e\u0442\u0432\u0435\u0442\u043d\u043e \u043e\u043f\u0440\u0435\u0434\u0435\u043b\u044f \u0441\u044a\u0434\u044a\u0440\u0436\u0430\u043d\u0438\u0435\u0442\u043e, \u043a\u043e\u0435\u0442\u043e \u0434\u0430 \u0432\u0438 \u0431\u044a\u0434\u0435 \u043f\u0440\u0435\u0434\u0430\u0434\u0435\u043d\u043e.<\/p><p>\u0412\u0430\u0448\u0438\u0442\u0435 \u0437\u0430\u043a\u043e\u043d\u043d\u0438 \u043f\u0440\u0430\u0432\u0430<br \/>\u0412\u0430\u0448\u0438\u0442\u0435 \u043f\u0440\u0430\u0432\u0430 \u0441\u044a\u0433\u043b\u0430\u0441\u043d\u043e KVKK<\/p><p>\u0421\u044a\u0433\u043b\u0430\u0441\u043d\u043e \u0447\u043b\u0435\u043d 11 \u043e\u0442 KVKK \u2116 6698 \u0432\u0441\u0435\u043a\u0438 \u0438\u043c\u0430 \u043f\u0440\u0430\u0432\u043e \u0434\u0430 \u043e\u0442\u043f\u0440\u0430\u0432\u0438 \u0441\u043b\u0435\u0434\u043d\u0438\u0442\u0435 \u0438\u0441\u043a\u0430\u043d\u0438\u044f \u043e\u0442\u043d\u043e\u0441\u043d\u043e \u0441\u0435\u0431\u0435 \u0441\u0438, \u043a\u0430\u0442\u043e \u0441\u0435 \u043e\u0431\u044a\u0440\u043d\u0435 \u043a\u044a\u043c \u0430\u0434\u043c\u0438\u043d\u0438\u0441\u0442\u0440\u0430\u0442\u043e\u0440\u0430 \u043d\u0430 \u0434\u0430\u043d\u043d\u0438:<\/p><p>\u0414\u0430 \u043d\u0430\u0443\u0447\u0430\u0442 \u0434\u0430\u043b\u0438 \u043b\u0438\u0447\u043d\u0438\u0442\u0435 \u0438\u043c \u0434\u0430\u043d\u043d\u0438 \u0441\u0435 \u043e\u0431\u0440\u0430\u0431\u043e\u0442\u0432\u0430\u0442 \u0438\u043b\u0438 \u043d\u0435.<br \/>\u041f\u043e\u0438\u0441\u043a\u0430\u0439\u0442\u0435 \u0438\u043d\u0444\u043e\u0440\u043c\u0430\u0446\u0438\u044f, \u0430\u043a\u043e \u043b\u0438\u0447\u043d\u0438\u0442\u0435 \u0434\u0430\u043d\u043d\u0438 \u0441\u0430 \u0431\u0438\u043b\u0438 \u043e\u0431\u0440\u0430\u0431\u043e\u0442\u0435\u043d\u0438.<br \/>\u0414\u0430 \u0441\u0435 \u0437\u0430\u043f\u043e\u0437\u043d\u0430\u0435\u0442\u0435 \u0441 \u0446\u0435\u043b\u0442\u0430 \u043d\u0430 \u043e\u0431\u0440\u0430\u0431\u043e\u0442\u043a\u0430\u0442\u0430 \u043d\u0430 \u043b\u0438\u0447\u043d\u0438\u0442\u0435 \u0434\u0430\u043d\u043d\u0438 \u0438 \u0434\u0430\u043b\u0438 \u0442\u0435 \u0441\u0435 \u0438\u0437\u043f\u043e\u043b\u0437\u0432\u0430\u0442 \u0432 \u0441\u044a\u043e\u0442\u0432\u0435\u0442\u0441\u0442\u0432\u0438\u0435 \u0441 \u0446\u0435\u043b\u0442\u0430 \u0438\u043c.<br \/>\u0414\u0430 \u0437\u043d\u0430\u0435\u0442\u0435 \u0442\u0440\u0435\u0442\u0438\u0442\u0435 \u0441\u0442\u0440\u0430\u043d\u0438, \u043d\u0430 \u043a\u043e\u0438\u0442\u043e \u0441\u0435 \u043f\u0440\u0435\u0434\u0430\u0432\u0430\u0442 \u043b\u0438\u0447\u043d\u0438 \u0434\u0430\u043d\u043d\u0438 \u0432 \u0441\u0442\u0440\u0430\u043d\u0430\u0442\u0430 \u0438\u043b\u0438 \u0447\u0443\u0436\u0431\u0438\u043d\u0430.<br \/>\u0414\u0430 \u043f\u043e\u0438\u0441\u043a\u0430\u0442\u0435 \u043a\u043e\u0440\u0438\u0433\u0438\u0440\u0430\u043d\u0435 \u043d\u0430 \u043b\u0438\u0447\u043d\u0438 \u0434\u0430\u043d\u043d\u0438 \u0432 \u0441\u043b\u0443\u0447\u0430\u0439 \u043d\u0430 \u043d\u0435\u043f\u044a\u043b\u043d\u043e \u0438\u043b\u0438 \u043d\u0435\u043f\u0440\u0430\u0432\u0438\u043b\u043d\u043e \u043e\u0431\u0440\u0430\u0431\u043e\u0442\u0432\u0430\u043d\u0435.<br \/>\u0414\u0430 \u043f\u043e\u0438\u0441\u043a\u0430\u0442\u0435 \u0438\u0437\u0442\u0440\u0438\u0432\u0430\u043d\u0435 \u0438\u043b\u0438 \u0443\u043d\u0438\u0449\u043e\u0436\u0430\u0432\u0430\u043d\u0435 \u043d\u0430 \u043b\u0438\u0447\u043d\u0438 \u0434\u0430\u043d\u043d\u0438 \u0432 \u0440\u0430\u043c\u043a\u0438\u0442\u0435 \u043d\u0430 \u0443\u0441\u043b\u043e\u0432\u0438\u044f\u0442\u0430, \u043f\u0440\u0435\u0434\u0432\u0438\u0434\u0435\u043d\u0438 \u0432 \u0447\u043b\u0435\u043d 7 \u043e\u0442 KVKK.<br \/>\u0414\u0430 \u043f\u043e\u0438\u0441\u043a\u0430\u0442\u0435 \u0443\u0432\u0435\u0434\u043e\u043c\u044f\u0432\u0430\u043d\u0435 \u0437\u0430 \u0442\u0440\u0430\u043d\u0437\u0430\u043a\u0446\u0438\u0438\u0442\u0435, \u0438\u0437\u0432\u044a\u0440\u0448\u0435\u043d\u0438 \u0432 \u0440\u0435\u0437\u0443\u043b\u0442\u0430\u0442 \u043d\u0430 \u0438\u0441\u043a\u0430\u043d\u0438\u044f \u0437\u0430 \u043a\u043e\u0440\u0438\u0433\u0438\u0440\u0430\u043d\u0435, \u0438\u0437\u0442\u0440\u0438\u0432\u0430\u043d\u0435 \u0438 \u0443\u043d\u0438\u0449\u043e\u0436\u0430\u0432\u0430\u043d\u0435, \u043e\u0442 \u0442\u0440\u0435\u0442\u0438 \u0441\u0442\u0440\u0430\u043d\u0438, \u043d\u0430 \u043a\u043e\u0438\u0442\u043e \u0441\u0435 \u043f\u0440\u0435\u0434\u0430\u0432\u0430\u0442 \u043b\u0438\u0447\u043d\u0438 \u0434\u0430\u043d\u043d\u0438.<br \/>\u0414\u0430 \u0432\u044a\u0437\u0440\u0430\u0437\u0438\u0442\u0435 \u0441\u0440\u0435\u0449\u0443 \u043f\u043e\u043b\u0443\u0447\u0430\u0432\u0430\u043d\u0435\u0442\u043e \u043d\u0430 \u0440\u0435\u0437\u0443\u043b\u0442\u0430\u0442 \u0432 \u0443\u0449\u044a\u0440\u0431 \u043d\u0430 \u0441\u0430\u043c\u043e\u0442\u043e \u043b\u0438\u0446\u0435 \u0447\u0440\u0435\u0437 \u0430\u043d\u0430\u043b\u0438\u0437 \u043d\u0430 \u043e\u0431\u0440\u0430\u0431\u043e\u0442\u0432\u0430\u043d\u0438\u0442\u0435 \u0434\u0430\u043d\u043d\u0438 \u0438\u0437\u043a\u043b\u044e\u0447\u0438\u0442\u0435\u043b\u043d\u043e \u0447\u0440\u0435\u0437 \u0430\u0432\u0442\u043e\u043c\u0430\u0442\u0438\u0437\u0438\u0440\u0430\u043d\u0438 \u0441\u0438\u0441\u0442\u0435\u043c\u0438.<br \/>\u0412 \u0441\u043b\u0443\u0447\u0430\u0439 \u043d\u0430 \u0432\u0440\u0435\u0434\u0438, \u043f\u0440\u0438\u0447\u0438\u043d\u0435\u043d\u0438 \u043e\u0442 \u043d\u0435\u0437\u0430\u043a\u043e\u043d\u043d\u043e \u043e\u0431\u0440\u0430\u0431\u043e\u0442\u0432\u0430\u043d\u0435 \u043d\u0430 \u043b\u0438\u0447\u043d\u0438 \u0434\u0430\u043d\u043d\u0438, \u0434\u0430 \u043f\u043e\u0438\u0441\u043a\u0430\u0442\u0435 \u043e\u0431\u0435\u0437\u0449\u0435\u0442\u0435\u043d\u0438\u0435 \u0437\u0430 \u0432\u0440\u0435\u0434\u0438\u0442\u0435.<br \/>\u0421\u0432\u044a\u0440\u0436\u0435\u0442\u0435 \u0441\u0435 \u0441<\/p><p>\u041c\u043e\u0436\u0435\u0442\u0435 \u0434\u0430 \u0441\u0435 \u0441\u0432\u044a\u0440\u0436\u0435\u0442\u0435 \u0441 \u043d\u0430\u0441 \u043d\u0430 ozseven.tohum@gmail.com, \u0437\u0430 \u0434\u0430 \u0443\u043f\u0440\u0430\u0436\u043d\u0438\u0442\u0435 \u043f\u0440\u0430\u0432\u0430\u0442\u0430 \u0441\u0438 \u043f\u043e \u043e\u0442\u043d\u043e\u0448\u0435\u043d\u0438\u0435 \u043d\u0430 \u043b\u0438\u0447\u043d\u0438\u0442\u0435 \u0441\u0438 \u0434\u0430\u043d\u043d\u0438 \u0438\u043b\u0438 \u0434\u0430 \u043f\u043e\u043b\u0443\u0447\u0438\u0442\u0435 \u043f\u043e\u0432\u0435\u0447\u0435 \u0438\u043d\u0444\u043e\u0440\u043c\u0430\u0446\u0438\u044f \u0437\u0430 \u043d\u0430\u0448\u0430\u0442\u0430 \u041f\u043e\u043b\u0438\u0442\u0438\u043a\u0430 \u0437\u0430 \u043f\u043e\u0432\u0435\u0440\u0438\u0442\u0435\u043b\u043d\u043e\u0441\u0442.<\/p><p>\u041e\u0434\u043e\u0431\u0440\u044f\u0432\u0430\u043d\u0435 \u0438 \u0438\u0437\u043f\u044a\u043b\u043d\u0435\u043d\u0438\u0435<\/p><p>\u0421\u043f\u043e\u0434\u0435\u043b\u044f\u043d\u0435\u0442\u043e \u043d\u0430 \u043b\u0438\u0447\u043d\u0438\u0442\u0435 \u0432\u0438 \u0434\u0430\u043d\u043d\u0438 \u0441 \u043d\u0430\u0448\u0438\u044f \u0443\u0435\u0431\u0441\u0430\u0439\u0442 \u0435 \u0438\u0437\u0446\u044f\u043b\u043e \u0432\u0430\u0448 \u0438\u0437\u0431\u043e\u0440. \u0410\u043a\u043e \u043f\u0440\u043e\u0434\u044a\u043b\u0436\u0438\u0442\u0435 \u0434\u0430 \u0438\u0437\u043f\u043e\u043b\u0437\u0432\u0430\u0442\u0435 \u043d\u0430\u0448\u0438\u044f \u0443\u0435\u0431\u0441\u0430\u0439\u0442, \u0449\u0435 \u0441\u0435 \u043f\u0440\u0438\u0435\u043c\u0435, \u0447\u0435 \u043f\u0440\u0438\u0435\u043c\u0430\u0442\u0435 \u0442\u0430\u0437\u0438 \u041f\u043e\u043b\u0438\u0442\u0438\u043a\u0430 \u0437\u0430 \u043f\u043e\u0432\u0435\u0440\u0438\u0442\u0435\u043b\u043d\u043e\u0441\u0442. \u0422\u0430\u0437\u0438 \u043f\u043e\u043b\u0438\u0442\u0438\u043a\u0430 \u0432\u043b\u0435\u0437\u0435 \u0432 \u0441\u0438\u043b\u0430 \u043d\u0430 18 \u043c\u0430\u0439 2025 \u0433. \u0438 \u0449\u0435 \u0431\u044a\u0434\u0435 \u0430\u043a\u0442\u0443\u0430\u043b\u0438\u0437\u0438\u0440\u0430\u043d\u0430 \u043f\u0440\u0438 \u043d\u0435\u043e\u0431\u0445\u043e\u0434\u0438\u043c\u043e\u0441\u0442.<\/p>\t\t\t\t\t\t\t\t<\/div>\n\t\t\t\t<\/div>\n\t\t\t\t\t<\/div>\n\t\t\t\t<\/div>\n\t\t\t\t<\/div>","protected":false},"excerpt":{"rendered":"<p>Gizlilik Politikas\u0131 Bu \u0130nternet sitesini kullanarak ki\u015fisel verilerinizin i\u015flenmesini kabul etmi\u015f olursunuz. G\u00fcvenli\u011finiz bizim i\u00e7in \u00f6nemli. Bu sebeple, bizimle payla\u015faca\u011f\u0131n\u0131z ki\u015fisel verileriniz hassasiyetle korunmaktad\u0131r. Veri Sorumlusu Biz, \u00d6zseven Tohum, veri sorumlusu olarak, bu gizlilik ve ki\u015fisel verilerin korunmas\u0131 politikas\u0131 ile ziyaret etmekte oldu\u011funuz \u0130nternet sitesi kapsam\u0131nda hangi ki\u015fisel verilerinizin hangi ama\u00e7larla i\u015flenece\u011fi, i\u015flenen verilerin kimlerle [&hellip;]<\/p>","protected":false},"author":1,"featured_media":0,"parent":0,"menu_order":0,"comment_status":"closed","ping_status":"closed","template":"","meta":{"footnotes":""},"class_list":["post-348","page","type-page","status-publish","hentry"],"_links":{"self":[{"href":"https:\/\/www.ozseventohum.com\/bg\/wp-json\/wp\/v2\/pages\/348","targetHints":{"allow":["GET"]}}],"collection":[{"href":"https:\/\/www.ozseventohum.com\/bg\/wp-json\/wp\/v2\/pages"}],"about":[{"href":"https:\/\/www.ozseventohum.com\/bg\/wp-json\/wp\/v2\/types\/page"}],"author":[{"embeddable":true,"href":"https:\/\/www.ozseventohum.com\/bg\/wp-json\/wp\/v2\/users\/1"}],"replies":[{"embeddable":true,"href":"https:\/\/www.ozseventohum.com\/bg\/wp-json\/wp\/v2\/comments?post=348"}],"version-history":[{"count":4,"href":"https:\/\/www.ozseventohum.com\/bg\/wp-json\/wp\/v2\/pages\/348\/revisions"}],"predecessor-version":[{"id":352,"href":"https:\/\/www.ozseventohum.com\/bg\/wp-json\/wp\/v2\/pages\/348\/revisions\/352"}],"wp:attachment":[{"href":"https:\/\/www.ozseventohum.com\/bg\/wp-json\/wp\/v2\/media?parent=348"}],"curies":[{"name":"wp","href":"https:\/\/api.w.org\/{rel}","templated":true}]}}