{"id":310,"date":"2025-05-18T08:17:24","date_gmt":"2025-05-18T05:17:24","guid":{"rendered":"https:\/\/www.ozseventohum.com\/?page_id=310"},"modified":"2025-05-18T08:18:57","modified_gmt":"2025-05-18T05:18:57","slug":"haberler","status":"publish","type":"page","link":"https:\/\/www.ozseventohum.com\/bg\/haberler\/","title":{"rendered":"\u041d\u043e\u0432\u0438\u043d\u0438"},"content":{"rendered":"<div data-elementor-type=\"wp-page\" data-elementor-id=\"310\" class=\"elementor elementor-310\" data-elementor-post-type=\"page\">\n\t\t\t\t\t\t<section class=\"elementor-section elementor-top-section elementor-element elementor-element-1093173 elementor-section-boxed elementor-section-height-default elementor-section-height-default\" data-id=\"1093173\" data-element_type=\"section\">\n\t\t\t\t\t\t<div class=\"elementor-container elementor-column-gap-default\">\n\t\t\t\t\t<div class=\"elementor-column elementor-col-100 elementor-top-column elementor-element elementor-element-bbb90dc\" data-id=\"bbb90dc\" data-element_type=\"column\">\n\t\t\t<div class=\"elementor-widget-wrap elementor-element-populated\">\n\t\t\t\t\t\t<div class=\"elementor-element elementor-element-eeede43 elementor-widget elementor-widget-heading\" data-id=\"eeede43\" data-element_type=\"widget\" data-widget_type=\"heading.default\">\n\t\t\t\t<div class=\"elementor-widget-container\">\n\t\t\t\t\t<h6 class=\"elementor-heading-title elementor-size-default\">\u041d\u043e\u0432\u0438\u043d\u0438<\/h6>\t\t\t\t<\/div>\n\t\t\t\t<\/div>\n\t\t\t\t<div class=\"elementor-element elementor-element-5303c20 elementor-widget-divider--view-line elementor-widget elementor-widget-divider\" data-id=\"5303c20\" data-element_type=\"widget\" data-widget_type=\"divider.default\">\n\t\t\t\t<div class=\"elementor-widget-container\">\n\t\t\t\t\t\t\t<div class=\"elementor-divider\">\n\t\t\t<span class=\"elementor-divider-separator\">\n\t\t\t\t\t\t<\/span>\n\t\t<\/div>\n\t\t\t\t\t\t<\/div>\n\t\t\t\t<\/div>\n\t\t\t\t<div class=\"elementor-element elementor-element-7a3f398 elementor-widget__width-initial elementor-widget-mobile__width-inherit elementor-cta--skin-cover elementor-cta--valign-bottom elementor-widget elementor-widget-call-to-action\" data-id=\"7a3f398\" data-element_type=\"widget\" data-widget_type=\"call-to-action.default\">\n\t\t\t\t<div class=\"elementor-widget-container\">\n\t\t\t\t\t\t\t<a class=\"elementor-cta\" href=\"https:\/\/sinop.tarimorman.gov.tr\/Haber\/408\/Sarayduzu-Ilcemizde-3-Ton-Bugday-Tohumu-Dagitimi-Gerceklestildi\" target=\"_blank\" rel=\"nofollow\">\n\t\t\t\t\t<div class=\"elementor-cta__bg-wrapper\">\n\t\t\t\t<div class=\"elementor-cta__bg elementor-bg\" style=\"background-image: url(https:\/\/www.ozseventohum.com\/wp-content\/uploads\/2025\/05\/1-7.jpg);\" role=\"img\" aria-label=\"1 (7)\"><\/div>\n\t\t\t\t<div class=\"elementor-cta__bg-overlay\"><\/div>\n\t\t\t<\/div>\n\t\t\t\t\t\t\t<div class=\"elementor-cta__content\">\n\t\t\t\t\n\t\t\t\t\t\t\t\t\t<h2 class=\"elementor-cta__title elementor-cta__content-item elementor-content-item\">\n\t\t\t\t\t\t3 \u0422\u041e\u041d\u0410 \u0421\u0415\u041c\u0415\u041d\u0410 \u041e\u0422 \u041f\u0428\u0415\u041d\u0418\u0426\u0410 \u0421\u0410 \u0420\u0410\u0417\u0414\u0410\u0414\u0415\u041d\u0418 \u0412 \u041e\u0411\u041b\u0410\u0421\u0422 \u0421\u0410\u0420\u0410\u0419\u0414\u0423\u0417\u0423\t\t\t\t\t<\/h2>\n\t\t\t\t\n\t\t\t\t\t\t\t\t\t<div class=\"elementor-cta__description elementor-cta__content-item elementor-content-item\">\n\t\t\t\t\t\t\u041f\u0420\u041e\u0412\u0418\u041d\u0426\u0418\u0410\u041b\u041d\u0410 \u0414\u0418\u0420\u0415\u041a\u0426\u0418\u042f \u041f\u041e \u0417\u0415\u041c\u0415\u0414\u0415\u041b\u0418\u0415 \u0418 \u0413\u041e\u0420\u0421\u041a\u041e \u0421\u0422\u041e\u041f\u0410\u041d\u0421\u0422\u0412\u041e \u041d\u0410 \u041f\u0420\u041e\u0412\u0418\u041d\u0426\u0418\u042f SI\u0307NOP\t\t\t\t\t<\/div>\n\t\t\t\t\n\t\t\t\t\t\t\t<\/div>\n\t\t\t\t\t\t<\/a>\n\t\t\t\t\t\t<\/div>\n\t\t\t\t<\/div>\n\t\t\t\t\t<\/div>\n\t\t<\/div>\n\t\t\t\t\t<\/div>\n\t\t<\/section>\n\t\t\t\t<\/div>","protected":false},"excerpt":{"rendered":"<p>Haberler SARAYD\u00dcZ\u00dc \u0130L\u00c7EM\u0130ZDE 3 TON BU\u011eDAY TOHUMU DA\u011eITIMI GER\u00c7EKLE\u015eT\u0130LD\u0130 S\u0130NOP \u0130L TARIM VE ORMAN M\u00dcD\u00dcRL\u00dc\u011e\u00dc<\/p>","protected":false},"author":1,"featured_media":0,"parent":0,"menu_order":0,"comment_status":"closed","ping_status":"closed","template":"","meta":{"footnotes":""},"class_list":["post-310","page","type-page","status-publish","hentry"],"_links":{"self":[{"href":"https:\/\/www.ozseventohum.com\/bg\/wp-json\/wp\/v2\/pages\/310","targetHints":{"allow":["GET"]}}],"collection":[{"href":"https:\/\/www.ozseventohum.com\/bg\/wp-json\/wp\/v2\/pages"}],"about":[{"href":"https:\/\/www.ozseventohum.com\/bg\/wp-json\/wp\/v2\/types\/page"}],"author":[{"embeddable":true,"href":"https:\/\/www.ozseventohum.com\/bg\/wp-json\/wp\/v2\/users\/1"}],"replies":[{"embeddable":true,"href":"https:\/\/www.ozseventohum.com\/bg\/wp-json\/wp\/v2\/comments?post=310"}],"version-history":[{"count":10,"href":"https:\/\/www.ozseventohum.com\/bg\/wp-json\/wp\/v2\/pages\/310\/revisions"}],"predecessor-version":[{"id":320,"href":"https:\/\/www.ozseventohum.com\/bg\/wp-json\/wp\/v2\/pages\/310\/revisions\/320"}],"wp:attachment":[{"href":"https:\/\/www.ozseventohum.com\/bg\/wp-json\/wp\/v2\/media?parent=310"}],"curies":[{"name":"wp","href":"https:\/\/api.w.org\/{rel}","templated":true}]}}