{"id":262,"date":"2025-05-18T07:56:45","date_gmt":"2025-05-18T04:56:45","guid":{"rendered":"https:\/\/www.ozseventohum.com\/?page_id=262"},"modified":"2025-05-18T08:04:35","modified_gmt":"2025-05-18T05:04:35","slug":"yuksel-ekmelik-bugday-tohumu","status":"publish","type":"page","link":"https:\/\/www.ozseventohum.com\/bg\/yuksel-ekmelik-bugday-tohumu\/","title":{"rendered":"\u0421\u0435\u043c\u0435\u043d\u0430 \u043e\u0442 \u043f\u0448\u0435\u043d\u0438\u0446\u0430 \u0437\u0430 \u0441\u0435\u0438\u0442\u0431\u0430"},"content":{"rendered":"<div data-elementor-type=\"wp-page\" data-elementor-id=\"262\" class=\"elementor elementor-262\" data-elementor-post-type=\"page\">\n\t\t\t\t<div class=\"elementor-element elementor-element-cbbacf1 e-flex e-con-boxed e-con e-parent\" data-id=\"cbbacf1\" data-element_type=\"container\">\n\t\t\t\t\t<div class=\"e-con-inner\">\n\t\t<div class=\"elementor-element elementor-element-8b9e42c e-con-full e-flex e-con e-child\" data-id=\"8b9e42c\" data-element_type=\"container\">\n\t\t\t\t<div class=\"elementor-element elementor-element-2add08d elementor-widget elementor-widget-heading\" data-id=\"2add08d\" data-element_type=\"widget\" data-widget_type=\"heading.default\">\n\t\t\t\t<div class=\"elementor-widget-container\">\n\t\t\t\t\t<h2 class=\"elementor-heading-title elementor-size-default\">\u0412\u0418\u0421\u041e\u041a\u041e\u041a\u0410\u0427\u0415\u0421\u0422\u0412\u0415\u041d\u0418 \u0421\u0415\u041c\u0415\u041d\u0410 \u041e\u0422 \u041f\u0428\u0415\u041d\u0418\u0426\u0410\n<\/h2>\t\t\t\t<\/div>\n\t\t\t\t<\/div>\n\t\t\t\t<div class=\"elementor-element elementor-element-371dfd2 elementor-widget elementor-widget-heading\" data-id=\"371dfd2\" data-element_type=\"widget\" data-widget_type=\"heading.default\">\n\t\t\t\t<div class=\"elementor-widget-container\">\n\t\t\t\t\t<p class=\"elementor-heading-title elementor-size-default\">(\u0425\u043b\u044f\u0431 \u043f\u0448\u0435\u043d\u0438\u0447\u0435\u043d)<\/p>\t\t\t\t<\/div>\n\t\t\t\t<\/div>\n\t\t\t\t<\/div>\n\t\t\t\t<div class=\"elementor-element elementor-element-8b5d432 elementor-widget elementor-widget-heading\" data-id=\"8b5d432\" data-element_type=\"widget\" data-widget_type=\"heading.default\">\n\t\t\t\t<div class=\"elementor-widget-container\">\n\t\t\t\t\t<h2 class=\"elementor-heading-title elementor-size-default\">\u0425\u0410\u0420\u0410\u041a\u0422\u0415\u0420\u0418\u0421\u0422\u0418\u041a\u0418 \u041d\u0410 \u041f\u0420\u041e\u0414\u0423\u041a\u0422\u0410\n<\/h2>\t\t\t\t<\/div>\n\t\t\t\t<\/div>\n\t\t\t\t<div class=\"elementor-element elementor-element-3a70d70 elementor-widget elementor-widget-text-editor\" data-id=\"3a70d70\" data-element_type=\"widget\" data-widget_type=\"text-editor.default\">\n\t\t\t\t<div class=\"elementor-widget-container\">\n\t\t\t\t\t\t\t\t\t<ul><li><p class=\"p1\">\u0422\u043e\u0432\u0430 \u0435 \u0437\u0438\u043c\u0435\u043d \u0441\u043e\u0440\u0442 \u0441 \u043c\u043d\u043e\u0433\u043e \u0434\u043e\u0431\u0440\u0430 \u0441\u0442\u0443\u0434\u043e\u0443\u0441\u0442\u043e\u0439\u0447\u0438\u0432\u043e\u0441\u0442.<\/p><\/li><li><p class=\"p1\">\u0417\u044a\u0440\u043d\u043e\u0442\u043e \u0435 \u0447\u0435\u0440\u0432\u0435\u043d\u043e, \u0442\u0432\u044a\u0440\u0434\u043e, \u043f\u043e\u043b\u0443\u0442\u0432\u044a\u0440\u0434\u043e \u0438 \u0441\u0440\u0435\u0434\u043d\u043e \u0433\u043e\u043b\u044f\u043c\u043e.<\/p><\/li><li><p class=\"p1\">\u0418\u043c\u0430 \u043c\u043d\u043e\u0433\u043e \u0434\u043e\u0431\u0440\u0430 \u0443\u0441\u0442\u043e\u0439\u0447\u0438\u0432\u043e\u0441\u0442 \u043d\u0430 \u043f\u043e\u043b\u044f\u0433\u0430\u043d\u0435. \u0412\u0438\u0441\u043e\u0447\u0438\u043d\u0430\u0442\u0430 \u043d\u0430 \u0440\u0430\u0441\u0442\u0435\u043d\u0438\u044f\u0442\u0430 \u0432\u0430\u0440\u0438\u0440\u0430 \u043c\u0435\u0436\u0434\u0443 78 \u0438 100 cm.<\/p><\/li><li><p class=\"p1\">\u0421\u043f\u043e\u0441\u043e\u0431\u043d\u043e\u0441\u0442\u0442\u0430 \u0437\u0430 \u0444\u0438\u043b\u0438\u0437\u0435\u043d\u0435 \u0435 \u0434\u043e\u0431\u0440\u0430, \u0430 \u043f\u043e\u0442\u0435\u043d\u0446\u0438\u0430\u043b\u044a\u0442 \u0437\u0430 \u0434\u043e\u0431\u0438\u0432 \u0435 \u043c\u043d\u043e\u0433\u043e \u0432\u0438\u0441\u043e\u043a.<\/p><\/li><li><p class=\"p1\">\u0421\u0440\u0435\u0434\u0435\u043d \u0434\u043e\u0431\u0438\u0432 807,7 kg\/ha (698-931 kg\/ha)<\/p><\/li><\/ul>\t\t\t\t\t\t\t\t<\/div>\n\t\t\t\t<\/div>\n\t\t\t\t<div class=\"elementor-element elementor-element-2212f72 elementor-widget elementor-widget-heading\" data-id=\"2212f72\" data-element_type=\"widget\" data-widget_type=\"heading.default\">\n\t\t\t\t<div class=\"elementor-widget-container\">\n\t\t\t\t\t<h2 class=\"elementor-heading-title elementor-size-default\">\u041a\u0410\u0427\u0415\u0421\u0422\u0412\u0415\u041d\u0418 \u0425\u0410\u0420\u0410\u041a\u0422\u0415\u0420\u0418\u0421\u0422\u0418\u041a\u0418\n<\/h2>\t\t\t\t<\/div>\n\t\t\t\t<\/div>\n\t\t\t\t<div class=\"elementor-element elementor-element-5a597a8 elementor-widget elementor-widget-text-editor\" data-id=\"5a597a8\" data-element_type=\"widget\" data-widget_type=\"text-editor.default\">\n\t\t\t\t<div class=\"elementor-widget-container\">\n\t\t\t\t\t\t\t\t\t<ul><li><p class=\"p1\">\u0422\u0435\u0433\u043b\u043e \u043d\u0430 \u0445\u0438\u043b\u044f\u0434\u0430 \u0437\u044a\u0440\u043d\u0430: 35.2-42.8 g<\/p><\/li><li><p class=\"p1\">\u0425\u0435\u043a\u0442\u043e\u043b\u0438\u0442\u0440\u043e\u0432\u043e \u0442\u0435\u0433\u043b\u043e 73,1-80,8 \u043a\u0433<\/p><\/li><li><p class=\"p1\">Protein oran\u0131: %12.3-14,3<\/p><\/li><li><p class=\"p1\">\u0421\u043a\u043e\u0440\u043e\u0441\u0442 \u043d\u0430 \u0443\u0442\u0430\u044f\u0432\u0430\u043d\u0435 41-51 ml<\/p><\/li><li><p class=\"p1\">Gluten oran\u0131: %36,6<\/p><\/li><li><p class=\"p1\">Gluten indeksi: %96.7<\/p><\/li><\/ul>\t\t\t\t\t\t\t\t<\/div>\n\t\t\t\t<\/div>\n\t\t\t\t<div class=\"elementor-element elementor-element-b434d79 elementor-widget elementor-widget-heading\" data-id=\"b434d79\" data-element_type=\"widget\" data-widget_type=\"heading.default\">\n\t\t\t\t<div class=\"elementor-widget-container\">\n\t\t\t\t\t<h2 class=\"elementor-heading-title elementor-size-default\">\u041f\u0410\u0422\u041e\u041b\u041e\u0413\u0418\u0427\u041d\u0418 \u0425\u0410\u0420\u0410\u041a\u0422\u0415\u0420\u0418\u0421\u0422\u0418\u041a\u0418\n<\/h2>\t\t\t\t<\/div>\n\t\t\t\t<\/div>\n\t\t\t\t<div class=\"elementor-element elementor-element-367db1b elementor-widget elementor-widget-text-editor\" data-id=\"367db1b\" data-element_type=\"widget\" data-widget_type=\"text-editor.default\">\n\t\t\t\t<div class=\"elementor-widget-container\">\n\t\t\t\t\t\t\t\t\t<ul><li><p class=\"p1\">\u0422\u043e\u043b\u0435\u0440\u0430\u043d\u0442\u0435\u043d \u043a\u044a\u043c \u0431\u0440\u0430\u0448\u043d\u0435\u0441\u0442\u0430 \u043c\u0430\u043d\u0430, \u0430\u0431\u0441\u043e\u043b\u044e\u0442\u043d\u043e \u0443\u0441\u0442\u043e\u0439\u0447\u0438\u0432 \u043d\u0430 \u043a\u0430\u0444\u044f\u0432\u0430 \u0440\u044a\u0436\u0434\u0430 \u0438 \u0436\u044a\u043b\u0442\u0430 \u0440\u044a\u0436\u0434\u0430.<\/p><\/li><li><p class=\"p1\">\u0412\u0438\u0441\u043e\u043a\u043e \u0442\u043e\u043b\u0435\u0440\u0430\u043d\u0442\u0435\u043d \u043a\u044a\u043c \u0431\u043e\u043b\u0435\u0441\u0442\u0442\u0430 Septoria leaf spot. \u0422\u043e\u0432\u0430 \u0435 \u043d\u0430\u0439-\u0442\u043e\u043b\u0435\u0440\u0430\u043d\u0442\u043d\u0438\u044f\u0442 \u0441\u043e\u0440\u0442 \u043a\u044a\u043c \u0432\u0438\u0440\u0443\u0441\u0430 \u043d\u0430 \u0436\u044a\u043b\u0442\u043e\u0442\u043e \u0434\u0436\u0443\u0434\u0436\u0435 \u043f\u0440\u0438 \u0435\u0447\u0435\u043c\u0438\u043a\u0430.<\/p><\/li><\/ul>\t\t\t\t\t\t\t\t<\/div>\n\t\t\t\t<\/div>\n\t\t\t\t<div class=\"elementor-element elementor-element-fc849cf elementor-widget elementor-widget-image\" data-id=\"fc849cf\" data-element_type=\"widget\" data-widget_type=\"image.default\">\n\t\t\t\t<div class=\"elementor-widget-container\">\n\t\t\t\t\t\t\t\t\t\t\t\t\t\t\t<img fetchpriority=\"high\" decoding=\"async\" width=\"960\" height=\"960\" src=\"https:\/\/www.ozseventohum.com\/wp-content\/uploads\/2025\/05\/yuksel-bugday-sayfa.jpeg\" class=\"attachment-full size-full wp-image-264\" alt=\"\" srcset=\"https:\/\/www.ozseventohum.com\/wp-content\/uploads\/2025\/05\/yuksel-bugday-sayfa.jpeg 960w, https:\/\/www.ozseventohum.com\/wp-content\/uploads\/2025\/05\/yuksel-bugday-sayfa-300x300.jpeg 300w, https:\/\/www.ozseventohum.com\/wp-content\/uploads\/2025\/05\/yuksel-bugday-sayfa-150x150.jpeg 150w, https:\/\/www.ozseventohum.com\/wp-content\/uploads\/2025\/05\/yuksel-bugday-sayfa-768x768.jpeg 768w\" sizes=\"(max-width: 960px) 100vw, 960px\" \/>\t\t\t\t\t\t\t\t\t\t\t\t\t\t\t<\/div>\n\t\t\t\t<\/div>\n\t\t\t\t\t<\/div>\n\t\t\t\t<\/div>\n\t\t\t\t<\/div>","protected":false},"excerpt":{"rendered":"<p>Y\u00dcKSEL BU\u011eDAY TOHUMU (Ekmeklik Bu\u011fday) \u00dcR\u00dcN \u00d6ZELL\u0130KLER\u0130 K\u0131\u015fl\u0131k bir \u00e7e\u015fit olup so\u011fuklara dayan\u0131kl\u0131l\u0131\u011f\u0131 \u00e7ok iyidir. Tanesi k\u0131rm\u0131z\u0131, sert, yar\u0131-sert yap\u0131da olup orta iriliktedir. Yatmaya dayan\u0131kl\u0131l\u0131\u011f\u0131 \u00e7ok iyidir. Bitki boyu 78-100 cm aras\u0131nda de\u011fi\u015fmi\u015ftir. Karde\u015flenme kapasitesi iyi olup verim potansiyeli \u00e7ok y\u00fcksektir. Ortalama verimi 807,7 kg&#8217;da. (698-931 kg&#8217;da) KAL\u0130TE \u00d6ZELL\u0130KLER\u0130 Bin tane a\u011f\u0131rl\u0131\u011f\u0131: 35.2\u201342.8 gr Hektolitre [&hellip;]<\/p>","protected":false},"author":1,"featured_media":0,"parent":0,"menu_order":0,"comment_status":"closed","ping_status":"closed","template":"","meta":{"footnotes":""},"class_list":["post-262","page","type-page","status-publish","hentry"],"_links":{"self":[{"href":"https:\/\/www.ozseventohum.com\/bg\/wp-json\/wp\/v2\/pages\/262","targetHints":{"allow":["GET"]}}],"collection":[{"href":"https:\/\/www.ozseventohum.com\/bg\/wp-json\/wp\/v2\/pages"}],"about":[{"href":"https:\/\/www.ozseventohum.com\/bg\/wp-json\/wp\/v2\/types\/page"}],"author":[{"embeddable":true,"href":"https:\/\/www.ozseventohum.com\/bg\/wp-json\/wp\/v2\/users\/1"}],"replies":[{"embeddable":true,"href":"https:\/\/www.ozseventohum.com\/bg\/wp-json\/wp\/v2\/comments?post=262"}],"version-history":[{"count":4,"href":"https:\/\/www.ozseventohum.com\/bg\/wp-json\/wp\/v2\/pages\/262\/revisions"}],"predecessor-version":[{"id":267,"href":"https:\/\/www.ozseventohum.com\/bg\/wp-json\/wp\/v2\/pages\/262\/revisions\/267"}],"wp:attachment":[{"href":"https:\/\/www.ozseventohum.com\/bg\/wp-json\/wp\/v2\/media?parent=262"}],"curies":[{"name":"wp","href":"https:\/\/api.w.org\/{rel}","templated":true}]}}