{"id":256,"date":"2025-05-18T07:50:49","date_gmt":"2025-05-18T04:50:49","guid":{"rendered":"https:\/\/www.ozseventohum.com\/?page_id=256"},"modified":"2025-05-18T07:56:00","modified_gmt":"2025-05-18T04:56:00","slug":"kopru-ekmelik-bugday-tohumu","status":"publish","type":"page","link":"https:\/\/www.ozseventohum.com\/bg\/kopru-ekmelik-bugday-tohumu\/","title":{"rendered":"\u041c\u043e\u0441\u0442 \u0437\u0430 \u0437\u0430\u0441\u044f\u0432\u0430\u043d\u0435 \u043d\u0430 \u0441\u0435\u043c\u0435\u043d\u0430 \u043e\u0442 \u043f\u0448\u0435\u043d\u0438\u0446\u0430"},"content":{"rendered":"<div data-elementor-type=\"wp-page\" data-elementor-id=\"256\" class=\"elementor elementor-256\" data-elementor-post-type=\"page\">\n\t\t\t\t<div class=\"elementor-element elementor-element-d35491a e-flex e-con-boxed e-con e-parent\" data-id=\"d35491a\" data-element_type=\"container\">\n\t\t\t\t\t<div class=\"e-con-inner\">\n\t\t<div class=\"elementor-element elementor-element-93ffe29 e-con-full e-flex e-con e-child\" data-id=\"93ffe29\" data-element_type=\"container\">\n\t\t\t\t<div class=\"elementor-element elementor-element-b936f89 elementor-widget elementor-widget-heading\" data-id=\"b936f89\" data-element_type=\"widget\" data-widget_type=\"heading.default\">\n\t\t\t\t<div class=\"elementor-widget-container\">\n\t\t\t\t\t<h2 class=\"elementor-heading-title elementor-size-default\">\u0421\u0415\u041c\u0415\u041d\u0410 \u041e\u0422 \u041c\u041e\u0421\u0422\u041e\u0412\u0410 \u041f\u0428\u0415\u041d\u0418\u0426\u0410\n<\/h2>\t\t\t\t<\/div>\n\t\t\t\t<\/div>\n\t\t\t\t<div class=\"elementor-element elementor-element-5c76bdd elementor-widget elementor-widget-heading\" data-id=\"5c76bdd\" data-element_type=\"widget\" data-widget_type=\"heading.default\">\n\t\t\t\t<div class=\"elementor-widget-container\">\n\t\t\t\t\t<p class=\"elementor-heading-title elementor-size-default\">(\u0425\u043b\u044f\u0431 \u043f\u0448\u0435\u043d\u0438\u0447\u0435\u043d)<\/p>\t\t\t\t<\/div>\n\t\t\t\t<\/div>\n\t\t\t\t<\/div>\n\t\t\t\t<div class=\"elementor-element elementor-element-266639d elementor-widget elementor-widget-heading\" data-id=\"266639d\" data-element_type=\"widget\" data-widget_type=\"heading.default\">\n\t\t\t\t<div class=\"elementor-widget-container\">\n\t\t\t\t\t<h2 class=\"elementor-heading-title elementor-size-default\">\u0425\u0410\u0420\u0410\u041a\u0422\u0415\u0420\u0418\u0421\u0422\u0418\u041a\u0418 \u041d\u0410 \u041f\u0420\u041e\u0414\u0423\u041a\u0422\u0410\n<\/h2>\t\t\t\t<\/div>\n\t\t\t\t<\/div>\n\t\t\t\t<div class=\"elementor-element elementor-element-ead3d18 elementor-widget elementor-widget-text-editor\" data-id=\"ead3d18\" data-element_type=\"widget\" data-widget_type=\"text-editor.default\">\n\t\t\t\t<div class=\"elementor-widget-container\">\n\t\t\t\t\t\t\t\t\t<ul><li><p class=\"p1\">\u0423\u0448\u0438\u0442\u0435 \u0441 \u0431\u0435\u043b\u0438 \u0448\u0438\u043f\u043e\u0432\u0435 \u0438 \u043a\u043e\u0437\u0438\u0440\u043a\u0438 \u0441\u0430 \u0441\u0440\u0435\u0434\u043d\u043e \u0434\u044a\u043b\u0433\u0438.<\/p><\/li><li><p class=\"p1\">\u0423\u0441\u0442\u043e\u0439\u0447\u0438\u0432 \u0435 \u043d\u0430 \u0441\u0442\u0443\u0434.<\/p><\/li><li><p class=\"p1\">\u0412\u0438\u0441\u043e\u0447\u0438\u043d\u0430\u0442\u0430 \u043d\u0430 \u0440\u0430\u0441\u0442\u0435\u043d\u0438\u044f\u0442\u0430 \u0432\u0430\u0440\u0438\u0440\u0430 \u043c\u0435\u0436\u0434\u0443 95 \u0438 105 cm.<\/p><\/li><li><p class=\"p1\">\u0417\u044a\u0440\u043d\u043e\u0442\u043e \u0435 \u0447\u0435\u0440\u0432\u0435\u043d\u043e, \u0442\u0432\u044a\u0440\u0434\u043e, \u0433\u0440\u0443\u0431\u043e, \u043f\u043e\u043b\u0443\u0442\u0432\u044a\u0440\u0434\u043e.<\/p><\/li><li><p class=\"p1\">\u041f\u043e\u0442\u0435\u043d\u0446\u0438\u0430\u043b\u044a\u0442 \u0437\u0430 \u0434\u043e\u0431\u0438\u0432 \u0435 \u0432\u0438\u0441\u043e\u043a \u0438 \u043f\u0440\u0438 \u043e\u043f\u0438\u0442\u0438\u0442\u0435 \u0441\u0430 \u043f\u043e\u0441\u0442\u0438\u0433\u043d\u0430\u0442\u0438 \u0434\u043e\u0431\u0438\u0432\u0438 \u043e\u0442 660-898 kg.<\/p><\/li><\/ul>\t\t\t\t\t\t\t\t<\/div>\n\t\t\t\t<\/div>\n\t\t\t\t<div class=\"elementor-element elementor-element-227deb5 elementor-widget elementor-widget-heading\" data-id=\"227deb5\" data-element_type=\"widget\" data-widget_type=\"heading.default\">\n\t\t\t\t<div class=\"elementor-widget-container\">\n\t\t\t\t\t<h2 class=\"elementor-heading-title elementor-size-default\">\u041a\u0410\u0427\u0415\u0421\u0422\u0412\u0415\u041d\u0418 \u0425\u0410\u0420\u0410\u041a\u0422\u0415\u0420\u0418\u0421\u0422\u0418\u041a\u0418\n<\/h2>\t\t\t\t<\/div>\n\t\t\t\t<\/div>\n\t\t\t\t<div class=\"elementor-element elementor-element-9c8ef4d elementor-widget elementor-widget-text-editor\" data-id=\"9c8ef4d\" data-element_type=\"widget\" data-widget_type=\"text-editor.default\">\n\t\t\t\t<div class=\"elementor-widget-container\">\n\t\t\t\t\t\t\t\t\t<ul><li><p class=\"p1\">\u0422\u0435\u0433\u043b\u043e \u043d\u0430 \u0445\u0438\u043b\u044f\u0434\u0430 \u0437\u044a\u0440\u043d\u0430: 36.2-46.3 g<\/p><\/li><li><p class=\"p1\">\u0425\u0435\u043a\u0442\u043e\u043b\u0438\u0442\u0440\u043e\u0432\u043e \u0442\u0435\u0433\u043b\u043e 74,6-80,7 \u043a\u0433<\/p><\/li><li><p class=\"p1\">Protein oran\u0131: %12.7<\/p><\/li><li><p class=\"p1\">Gluten oran\u0131: %40.2<\/p><\/li><li><p class=\"p1\">Gluten indeksi: %66.1<\/p><\/li><li><p class=\"p1\">\u0421\u0435\u0434\u0438\u043c\u0435\u043d\u0442\u0430\u0446\u0438\u044f 39,5 ml<\/p><\/li><\/ul>\t\t\t\t\t\t\t\t<\/div>\n\t\t\t\t<\/div>\n\t\t\t\t<div class=\"elementor-element elementor-element-fe79659 elementor-widget elementor-widget-heading\" data-id=\"fe79659\" data-element_type=\"widget\" data-widget_type=\"heading.default\">\n\t\t\t\t<div class=\"elementor-widget-container\">\n\t\t\t\t\t<h2 class=\"elementor-heading-title elementor-size-default\">\u041f\u0410\u0422\u041e\u041b\u041e\u0413\u0418\u0427\u041d\u0418 \u0425\u0410\u0420\u0410\u041a\u0422\u0415\u0420\u0418\u0421\u0422\u0418\u041a\u0418\n<\/h2>\t\t\t\t<\/div>\n\t\t\t\t<\/div>\n\t\t\t\t<div class=\"elementor-element elementor-element-0747f06 elementor-widget elementor-widget-text-editor\" data-id=\"0747f06\" data-element_type=\"widget\" data-widget_type=\"text-editor.default\">\n\t\t\t\t<div class=\"elementor-widget-container\">\n\t\t\t\t\t\t\t\t\t<ul>\n \t<li>\n<p class=\"p1\">\u0422\u043e\u043b\u0435\u0440\u0430\u043d\u0442\u0435\u043d \u043a\u044a\u043c \u0431\u0440\u0430\u0448\u043d\u0435\u0441\u0442\u0430 \u043c\u0430\u043d\u0430, \u043a\u0430\u0444\u044f\u0432\u0430 \u0440\u044a\u0436\u0434\u0430 \u0438 \u0436\u044a\u043b\u0442\u0430 \u0440\u044a\u0436\u0434\u0430.<\/p>\n<\/li>\n \t<li>\n<p class=\"p1\">\u0422\u044a\u0439 \u043a\u0430\u0442\u043e \u0432 \u0445\u0438\u0431\u0440\u0438\u0434\u0430 \u043d\u0430 \u0441\u043e\u0440\u0442\u0430 \u0441\u0430 \u0438\u0437\u043f\u043e\u043b\u0437\u0432\u0430\u043d\u0438 \u043b\u0438\u043d\u0438\u0438, \u0443\u0441\u0442\u043e\u0439\u0447\u0438\u0432\u0438 \u043d\u0430 \u043a\u0430\u0444\u044f\u0432\u0430 \u0438 \u0436\u044a\u043b\u0442\u0430 \u0440\u044a\u0436\u0434\u0430, \u0431\u043e\u043b\u0435\u0441\u0442\u0442\u0430 \u043e\u0441\u0442\u0430\u0432\u0430 \u043f\u043e\u0434 \u043d\u0438\u0432\u043e\u0442\u043e \u043d\u0430 \u0438\u043a\u043e\u043d\u043e\u043c\u0438\u0447\u0435\u0441\u043a\u0438 \u0449\u0435\u0442\u0438 \u0434\u043e\u0440\u0438 \u043f\u0440\u0438 \u0443\u0441\u043b\u043e\u0432\u0438\u044f \u043d\u0430 \u0432\u0438\u0441\u043e\u043a\u0430 \u0435\u043f\u0438\u0434\u0435\u043c\u0438\u044f.<\/p>\n<\/li>\n<\/ul>\t\t\t\t\t\t\t\t<\/div>\n\t\t\t\t<\/div>\n\t\t\t\t<div class=\"elementor-element elementor-element-f716ca2 elementor-widget elementor-widget-image\" data-id=\"f716ca2\" data-element_type=\"widget\" data-widget_type=\"image.default\">\n\t\t\t\t<div class=\"elementor-widget-container\">\n\t\t\t\t\t\t\t\t\t\t\t\t\t\t\t<img fetchpriority=\"high\" decoding=\"async\" width=\"750\" height=\"749\" src=\"https:\/\/www.ozseventohum.com\/wp-content\/uploads\/2025\/05\/kopru-bugday-sayfa.jpeg\" class=\"attachment-full size-full wp-image-258\" alt=\"\" srcset=\"https:\/\/www.ozseventohum.com\/wp-content\/uploads\/2025\/05\/kopru-bugday-sayfa.jpeg 750w, https:\/\/www.ozseventohum.com\/wp-content\/uploads\/2025\/05\/kopru-bugday-sayfa-300x300.jpeg 300w, https:\/\/www.ozseventohum.com\/wp-content\/uploads\/2025\/05\/kopru-bugday-sayfa-150x150.jpeg 150w\" sizes=\"(max-width: 750px) 100vw, 750px\" \/>\t\t\t\t\t\t\t\t\t\t\t\t\t\t\t<\/div>\n\t\t\t\t<\/div>\n\t\t\t\t\t<\/div>\n\t\t\t\t<\/div>\n\t\t\t\t<\/div>","protected":false},"excerpt":{"rendered":"<p>K\u00d6PR\u00dc BU\u011eDAY TOHUMU (Ekmeklik Bu\u011fday) \u00dcR\u00dcN \u00d6ZELL\u0130KLER\u0130 Beyaz ba\u015fakl\u0131, k\u0131l\u00e7\u0131kl\u0131 ba\u015faklar\u0131 orta uzunluktad\u0131r. So\u011fuklara kar\u015f\u0131 dayan\u0131kl\u0131d\u0131r. Bitki boyu 95\u2013105 cm aras\u0131nda de\u011fi\u015fmektedir. Tanesi k\u0131rm\u0131z\u0131, sert, iri, yar\u0131-sert yap\u0131dad\u0131r. Verim potansiyeli y\u00fcksek olup denemelerde 660\u2013898 kg verime ula\u015f\u0131lm\u0131\u015ft\u0131r. KAL\u0130TE \u00d6ZELL\u0130KLER\u0130 Bin tane a\u011f\u0131rl\u0131\u011f\u0131: 36.2\u201346.3 gr Hektolitre a\u011f\u0131rl\u0131\u011f\u0131: 74.6\u201380.7 kg Protein oran\u0131: %12.7 Gluten oran\u0131: %40.2 Gluten [&hellip;]<\/p>","protected":false},"author":1,"featured_media":0,"parent":0,"menu_order":0,"comment_status":"closed","ping_status":"closed","template":"","meta":{"footnotes":""},"class_list":["post-256","page","type-page","status-publish","hentry"],"_links":{"self":[{"href":"https:\/\/www.ozseventohum.com\/bg\/wp-json\/wp\/v2\/pages\/256","targetHints":{"allow":["GET"]}}],"collection":[{"href":"https:\/\/www.ozseventohum.com\/bg\/wp-json\/wp\/v2\/pages"}],"about":[{"href":"https:\/\/www.ozseventohum.com\/bg\/wp-json\/wp\/v2\/types\/page"}],"author":[{"embeddable":true,"href":"https:\/\/www.ozseventohum.com\/bg\/wp-json\/wp\/v2\/users\/1"}],"replies":[{"embeddable":true,"href":"https:\/\/www.ozseventohum.com\/bg\/wp-json\/wp\/v2\/comments?post=256"}],"version-history":[{"count":4,"href":"https:\/\/www.ozseventohum.com\/bg\/wp-json\/wp\/v2\/pages\/256\/revisions"}],"predecessor-version":[{"id":261,"href":"https:\/\/www.ozseventohum.com\/bg\/wp-json\/wp\/v2\/pages\/256\/revisions\/261"}],"wp:attachment":[{"href":"https:\/\/www.ozseventohum.com\/bg\/wp-json\/wp\/v2\/media?parent=256"}],"curies":[{"name":"wp","href":"https:\/\/api.w.org\/{rel}","templated":true}]}}